{"id":2479,"date":"2024-05-17T16:39:39","date_gmt":"2024-05-17T14:39:39","guid":{"rendered":"https:\/\/www.vedettes-odet.com\/les-ptit-bac-fussgaengerfaehre\/"},"modified":"2024-05-30T18:59:45","modified_gmt":"2024-05-30T16:59:45","slug":"les-ptit-bac-fussgaengerfaehre","status":"publish","type":"page","link":"https:\/\/www.vedettes-odet.com\/de\/praktische-informationen\/das-unternehmen-die-flotte\/les-ptit-bac-fussgaengerfaehre\/","title":{"rendered":"Les P&#8217;tit Bac &#8211; Fu\u00dfg\u00e4ngerf\u00e4hre"},"content":{"rendered":"\n<div class=\"wp-block-columns is-layout-flex wp-container-core-columns-is-layout-9d6595d7 wp-block-columns-is-layout-flex\">\n<div class=\"wp-block-column is-layout-flow wp-block-column-is-layout-flow\"><\/div>\n\n\n\n<div class=\"wp-block-column is-layout-flow wp-block-column-is-layout-flow\"><\/div>\n<\/div>\n\n<h2 class=\"wp-block-heading\">Die P&#8217;tit Bac wurde in Douarnenez gebaut und ist das letzte Schiff der Flotte der Vedettes de l&#8217;Odet.<\/h2>\n\n<p>Die P&#8217;tit Bac wurde f\u00fcr die Schiffsverbindung zwischen B\u00e9nodet und Sainte Marine sowie zwischen Loctudy und Ile Tudy entworfen und kann bis zu 50 Passagiere sowie Fahrr\u00e4der und Kinderwagen aufnehmen.<\/p>\n<div class=\"galerie_panoramique\">\n\t\t<a class=\"item_galerie gal\" data-src=\"https:\/\/www.vedettes-odet.com\/wp-content\/uploads\/2024\/05\/ptit-bac-cale-benodet.jpg\">\n\t\t<figure class=\"image_container\">\n\t\t\t<img decoding=\"async\" src=\"https:\/\/www.vedettes-odet.com\/wp-content\/uploads\/2024\/05\/ptit-bac-cale-benodet.jpg\" alt=\"\">\n\t\t<\/figure>\n\t<\/a>\n\t\t<a class=\"item_galerie gal\" data-src=\"https:\/\/www.vedettes-odet.com\/wp-content\/uploads\/2024\/05\/ptit-bac-pietons-quai-benodet.jpg\">\n\t\t<figure class=\"image_container\">\n\t\t\t<img decoding=\"async\" src=\"https:\/\/www.vedettes-odet.com\/wp-content\/uploads\/2024\/05\/ptit-bac-pietons-quai-benodet.jpg\" alt=\"\">\n\t\t<\/figure>\n\t<\/a>\n\t\t<a class=\"item_galerie gal\" data-src=\"https:\/\/www.vedettes-odet.com\/wp-content\/uploads\/2024\/05\/ptit-bac-bretagne.jpg\">\n\t\t<figure class=\"image_container\">\n\t\t\t<img decoding=\"async\" src=\"https:\/\/www.vedettes-odet.com\/wp-content\/uploads\/2024\/05\/ptit-bac-bretagne.jpg\" alt=\"\">\n\t\t<\/figure>\n\t<\/a>\n\t\t\t\t\t\t\t\n<\/div>\n","protected":false},"excerpt":{"rendered":"<p>Die P&#8217;tit Bac wurde in Douarnenez gebaut und ist das letzte Schiff der Flotte der Vedettes de l&#8217;Odet. Die P&#8217;tit Bac wurde f\u00fcr die Schiffsverbindung zwischen B\u00e9nodet und Sainte Marine sowie zwischen Loctudy und Ile Tudy entworfen und kann bis zu 50 Passagiere sowie Fahrr\u00e4der und Kinderwagen aufnehmen.<\/p>\n","protected":false},"author":2,"featured_media":0,"parent":3990,"menu_order":0,"comment_status":"closed","ping_status":"closed","template":"","meta":{"_acf_changed":false,"_seopress_robots_primary_cat":"","_seopress_titles_title":"","_seopress_titles_desc":"","_seopress_robots_index":"","footnotes":""},"class_list":["post-2479","page","type-page","status-publish","hentry"],"acf":[],"_links":{"self":[{"href":"https:\/\/www.vedettes-odet.com\/de\/wp-json\/wp\/v2\/pages\/2479","targetHints":{"allow":["GET"]}}],"collection":[{"href":"https:\/\/www.vedettes-odet.com\/de\/wp-json\/wp\/v2\/pages"}],"about":[{"href":"https:\/\/www.vedettes-odet.com\/de\/wp-json\/wp\/v2\/types\/page"}],"author":[{"embeddable":true,"href":"https:\/\/www.vedettes-odet.com\/de\/wp-json\/wp\/v2\/users\/2"}],"replies":[{"embeddable":true,"href":"https:\/\/www.vedettes-odet.com\/de\/wp-json\/wp\/v2\/comments?post=2479"}],"version-history":[{"count":2,"href":"https:\/\/www.vedettes-odet.com\/de\/wp-json\/wp\/v2\/pages\/2479\/revisions"}],"predecessor-version":[{"id":2482,"href":"https:\/\/www.vedettes-odet.com\/de\/wp-json\/wp\/v2\/pages\/2479\/revisions\/2482"}],"up":[{"embeddable":true,"href":"https:\/\/www.vedettes-odet.com\/de\/wp-json\/wp\/v2\/pages\/3990"}],"wp:attachment":[{"href":"https:\/\/www.vedettes-odet.com\/de\/wp-json\/wp\/v2\/media?parent=2479"}],"curies":[{"name":"wp","href":"https:\/\/api.w.org\/{rel}","templated":true}]}}