{"id":3866,"date":"2024-05-17T16:50:46","date_gmt":"2024-05-17T14:50:46","guid":{"rendered":"https:\/\/www.vedettes-odet.com\/katamaran-mit-unterwassersicht\/"},"modified":"2024-06-06T11:29:38","modified_gmt":"2024-06-06T09:29:38","slug":"katamaran-mit-unterwassersicht","status":"publish","type":"page","link":"https:\/\/www.vedettes-odet.com\/de\/praktische-informationen\/das-unternehmen-die-flotte\/katamaran-mit-unterwassersicht\/","title":{"rendered":"Katamaran mit Unterwassersicht"},"content":{"rendered":"<div class=\"wp-block-image\">\n<figure class=\"alignright size-full is-resized\"><img decoding=\"async\" width=\"540\" height=\"343\" src=\"https:\/\/www.vedettes-odet.com\/wp-content\/uploads\/2024\/05\/catamaran-vision-sous-marine.jpg\" alt=\"\" class=\"wp-image-2154\" style=\"width:269px;height:auto\" srcset=\"https:\/\/www.vedettes-odet.com\/wp-content\/uploads\/2024\/05\/catamaran-vision-sous-marine.jpg 540w, https:\/\/www.vedettes-odet.com\/wp-content\/uploads\/2024\/05\/catamaran-vision-sous-marine-300x191.jpg 300w\" sizes=\"(max-width: 540px) 100vw, 540px\" \/><\/figure>\n<\/div>\n\n\n<p>Er erfreut die Kinder und ist ein gro\u00dfer Erfolg bei den Familien w\u00e4hrend der Kreuzfahrten zur <a href=\"https:\/\/www.vedettes-odet.com\/de\/croisieres\/unterwasser-erkundung-und-vision\/\" data-type=\"produits\" data-id=\"23\">Erkundung und Vision unter<\/a> Wasser auf den Gl\u00e9nan-Inseln vor B\u00e9nodet (s\u00fcdliche Bretagne).<\/p>\n\n\n\n<p>An Bord von Kapit\u00e4n Nemo tauchen Sie in die wunderbare Welt der Stille ein, in der sich Fische und andere Meeresbewohner zwischen Himanthales, den seltsamen Algen, die wie das Haar von Meerjungfrauen aussehen, verstecken. Die beiden Unterwassersalons des Katamarans bieten einen atemberaubenden Blick auf den Meeresboden. Tauchen Sie ein, ohne nass zu werden, in das gr\u00f6\u00dfte Aquarium der Welt: den Atlantischen Ozean!<\/p>\n\n\n\n<h2 class=\"wp-block-heading\">Komfortable Ausstattung<\/h2>\n\n\n\n<ul class=\"wp-block-list\">\n<li>Oberes Promenadendeck mit gro\u00dfer Kapazit\u00e4t,<\/li>\n\n\n\n<li>eingerichtete Panoramalounge: Bar, B\u00e4nke und Tische<\/li>\n\n\n\n<li>Zwei Unterwasser-Lounges f\u00fcr Unterwasserbeobachtungen<\/li>\n\n\n\n<li>Klimaanlage, Heizung, Tonanlage, WC&#8230;<\/li>\n<\/ul>\n\n\n\n<h2 class=\"wp-block-heading\">Technische Informationen<\/h2>\n\n\n\n<ul class=\"wp-block-list\">\n<li>Gesamtkapazit\u00e4t: 270 Passagiere<\/li>\n\n\n\n<li>Oberdeck im Himmel: 190 Passagiere<\/li>\n\n\n\n<li>Ausgestatteter Panoramasalon: 80 Passagiere<\/li>\n\n\n\n<li>Unterwasser-Panorama-Lounge: 80 Passagiere<\/li>\n\n\n\n<li>L\u00e4nge: 27 Meter<\/li>\n\n\n\n<li>Breite: 8,51 Meter<\/li>\n\n\n\n<li>Vermessung: 221 Tonnen<\/li>\n\n\n\n<li>Kategorie: 3.<\/li>\n\n\n\n<li>Antriebsart: Verstellpropeller<\/li>\n\n\n\n<li>Reisegeschwindigkeit: 10 Knoten<\/li>\n<\/ul>\n\n\n\n<h2 class=\"wp-block-heading\">In Bildern<\/h2>\n\n\n<div class=\"galerie_panoramique\">\n\t\t<a class=\"item_galerie gal\" data-src=\"https:\/\/www.vedettes-odet.com\/wp-content\/uploads\/2024\/05\/nemo-glenan.jpg\">\n\t\t<figure class=\"image_container\">\n\t\t\t<img decoding=\"async\" src=\"https:\/\/www.vedettes-odet.com\/wp-content\/uploads\/2024\/05\/nemo-glenan.jpg\" alt=\"\">\n\t\t<\/figure>\n\t<\/a>\n\t\t<a class=\"item_galerie gal\" data-src=\"https:\/\/www.vedettes-odet.com\/wp-content\/uploads\/2024\/05\/capitaine-nemo-bretagne.jpg\">\n\t\t<figure class=\"image_container\">\n\t\t\t<img decoding=\"async\" src=\"https:\/\/www.vedettes-odet.com\/wp-content\/uploads\/2024\/05\/capitaine-nemo-bretagne.jpg\" alt=\"\">\n\t\t<\/figure>\n\t<\/a>\n\t\t\t\t\t\t\t\n<\/div>\n","protected":false},"excerpt":{"rendered":"<p>Er erfreut die Kinder und ist ein gro\u00dfer Erfolg bei den Familien w\u00e4hrend der Kreuzfahrten zur Erkundung und Vision unter Wasser auf den Gl\u00e9nan-Inseln vor B\u00e9nodet (s\u00fcdliche Bretagne). An Bord von Kapit\u00e4n Nemo tauchen Sie in die wunderbare Welt der Stille ein, in der sich Fische und andere Meeresbewohner zwischen Himanthales, den seltsamen Algen, die [&hellip;]<\/p>\n","protected":false},"author":2,"featured_media":0,"parent":3990,"menu_order":0,"comment_status":"closed","ping_status":"closed","template":"","meta":{"_acf_changed":false,"_seopress_robots_primary_cat":"","_seopress_titles_title":"","_seopress_titles_desc":"","_seopress_robots_index":"","footnotes":""},"class_list":["post-3866","page","type-page","status-publish","hentry"],"acf":[],"_links":{"self":[{"href":"https:\/\/www.vedettes-odet.com\/de\/wp-json\/wp\/v2\/pages\/3866","targetHints":{"allow":["GET"]}}],"collection":[{"href":"https:\/\/www.vedettes-odet.com\/de\/wp-json\/wp\/v2\/pages"}],"about":[{"href":"https:\/\/www.vedettes-odet.com\/de\/wp-json\/wp\/v2\/types\/page"}],"author":[{"embeddable":true,"href":"https:\/\/www.vedettes-odet.com\/de\/wp-json\/wp\/v2\/users\/2"}],"replies":[{"embeddable":true,"href":"https:\/\/www.vedettes-odet.com\/de\/wp-json\/wp\/v2\/comments?post=3866"}],"version-history":[{"count":3,"href":"https:\/\/www.vedettes-odet.com\/de\/wp-json\/wp\/v2\/pages\/3866\/revisions"}],"predecessor-version":[{"id":4255,"href":"https:\/\/www.vedettes-odet.com\/de\/wp-json\/wp\/v2\/pages\/3866\/revisions\/4255"}],"up":[{"embeddable":true,"href":"https:\/\/www.vedettes-odet.com\/de\/wp-json\/wp\/v2\/pages\/3990"}],"wp:attachment":[{"href":"https:\/\/www.vedettes-odet.com\/de\/wp-json\/wp\/v2\/media?parent=3866"}],"curies":[{"name":"wp","href":"https:\/\/api.w.org\/{rel}","templated":true}]}}