{"id":3870,"date":"2024-05-01T17:54:53","date_gmt":"2024-05-01T15:54:53","guid":{"rendered":"https:\/\/www.vedettes-odet.com\/partner\/"},"modified":"2024-05-30T18:58:16","modified_gmt":"2024-05-30T16:58:16","slug":"partner","status":"publish","type":"page","link":"https:\/\/www.vedettes-odet.com\/de\/partner\/","title":{"rendered":"Partner"},"content":{"rendered":"\n<p>Bleiben Sie in der Region? Auf dieser Karte finden Sie eine Liste unserer Vertriebspartner in der N\u00e4he Ihres Wohnortes. Fremdenverkehrsb\u00fcros, Hotels, Campingpl\u00e4tze, Ferienh\u00e4user und Feriend\u00f6rfer: so viele Tourismusfachleute stehen zu Ihren Diensten, um Sie zu informieren und Sie bei der Wahl Ihrer Kreuzfahrt zu beraten.<\/p>\n\n<p>Die Vedettes de l&#8217;Odet sind auch in mehreren Ticketnetzen vertreten. Inter Ce, Bigoud\u00e8ne Box, Funbreizh, &#8230; und auch auf <a href=\"https:\/\/recreatiloups.com\" data-type=\"link\" data-id=\"https:\/\/recreatiloups.com\" target=\"_blank\" rel=\"noreferrer noopener\">R\u00e9cr\u00e9atiloups<\/a> und <a href=\"https:\/\/finistere-morbihan.kidiklik.fr\/\" data-type=\"link\" data-id=\"https:\/\/finistere-morbihan.kidiklik.fr\/\" target=\"_blank\" rel=\"noreferrer noopener\">Kidiklik29<\/a><\/p>\n<p><iframe loading=\"lazy\" src=\"https:\/\/www.google.com\/maps\/d\/embed?mid=1FB7hPZuL51Fj-2JmdXAdMP9uabE&#038;ehbc=2E312F\" width=\"640\" height=\"480\"><\/iframe><\/p>\n","protected":false},"excerpt":{"rendered":"<p>Bleiben Sie in der Region? Auf dieser Karte finden Sie eine Liste unserer Vertriebspartner in der N\u00e4he Ihres Wohnortes. Fremdenverkehrsb\u00fcros, Hotels, Campingpl\u00e4tze, Ferienh\u00e4user und Feriend\u00f6rfer: so viele Tourismusfachleute stehen zu Ihren Diensten, um Sie zu informieren und Sie bei der Wahl Ihrer Kreuzfahrt zu beraten. Die Vedettes de l&#8217;Odet sind auch in mehreren Ticketnetzen vertreten. [&hellip;]<\/p>\n","protected":false},"author":2,"featured_media":0,"parent":0,"menu_order":0,"comment_status":"closed","ping_status":"closed","template":"","meta":{"_acf_changed":false,"_seopress_robots_primary_cat":"","_seopress_titles_title":"","_seopress_titles_desc":"","_seopress_robots_index":"","footnotes":""},"class_list":["post-3870","page","type-page","status-publish","hentry"],"acf":[],"_links":{"self":[{"href":"https:\/\/www.vedettes-odet.com\/de\/wp-json\/wp\/v2\/pages\/3870","targetHints":{"allow":["GET"]}}],"collection":[{"href":"https:\/\/www.vedettes-odet.com\/de\/wp-json\/wp\/v2\/pages"}],"about":[{"href":"https:\/\/www.vedettes-odet.com\/de\/wp-json\/wp\/v2\/types\/page"}],"author":[{"embeddable":true,"href":"https:\/\/www.vedettes-odet.com\/de\/wp-json\/wp\/v2\/users\/2"}],"replies":[{"embeddable":true,"href":"https:\/\/www.vedettes-odet.com\/de\/wp-json\/wp\/v2\/comments?post=3870"}],"version-history":[{"count":2,"href":"https:\/\/www.vedettes-odet.com\/de\/wp-json\/wp\/v2\/pages\/3870\/revisions"}],"predecessor-version":[{"id":3881,"href":"https:\/\/www.vedettes-odet.com\/de\/wp-json\/wp\/v2\/pages\/3870\/revisions\/3881"}],"wp:attachment":[{"href":"https:\/\/www.vedettes-odet.com\/de\/wp-json\/wp\/v2\/media?parent=3870"}],"curies":[{"name":"wp","href":"https:\/\/api.w.org\/{rel}","templated":true}]}}