{"id":3928,"date":"2024-03-25T15:25:54","date_gmt":"2024-03-25T14:25:54","guid":{"rendered":"https:\/\/www.vedettes-odet.com\/rechtliche-hinweise\/"},"modified":"2024-05-30T18:58:30","modified_gmt":"2024-05-30T16:58:30","slug":"rechtliche-hinweise","status":"publish","type":"page","link":"https:\/\/www.vedettes-odet.com\/de\/rechtliche-hinweise\/","title":{"rendered":"Rechtliche Hinweise"},"content":{"rendered":"\n<h2 class=\"wp-block-heading\">Bearbeitung\/Ver\u00f6ffentlichung der Website<\/h2>\n\n<p><strong>Vedettes de l&#8217;Odet<\/strong><br\/>2 avenue de l&#8217;Odet B.P. 8<br\/>Alter Hafen 29950 B\u00e9nodet<br\/>Tel. 02 98 57 00 58<br\/>Um uns per E-Mail zu kontaktieren und um SPAM zu bek\u00e4mpfen, f\u00fcllen Sie bitte unser <a href=\"https:\/\/www.vedettes-odet.com\/nous-contacter\/\" data-type=\"link\" data-id=\"https:\/\/www.vedettes-odet.com\/nous-contacter\/\">Kontaktformular<\/a> aus.<\/p>\n\n<p><strong>Firmenname<br\/><\/strong>Soci\u00e9t\u00e9 d&#8217;Exploitation des Vedettes de l&#8217;Odet (S.A.S.)<br\/>RCS QUIMPER B 383 728 649<br\/>SIRET: 38372864900013<br\/>Hauptt\u00e4tigkeit: 611B &#8211; Seeverkehr<br\/>Rechtsform: S.A.S. (Aktiengesellschaft).<br\/>Intrakommunale Mehrwertsteuer DE 438372864900013<br\/>Verantwortlich f\u00fcr die Ver\u00f6ffentlichung: Aur\u00e9lie Gu\u00e9guen<\/p>\n\n<h2 class=\"wp-block-heading\">Entwurf und Gestaltung der Website<\/h2>\n\n<p><a href=\"https:\/\/www.pixel.bzh\/\" data-type=\"link\" data-id=\"https:\/\/www.pixel.bzh\/\" target=\"_blank\" rel=\"noreferrer noopener\">Pixel Webagentur<\/a><br\/>1 Ter Pl. des 118. Infanterieregiments,  <br\/>29000 Quimper<\/p>\n\n<h2 class=\"wp-block-heading\">Hosting der Website<\/h2>\n\n<p>OVH<br\/>RCS Roubaix-Tourcoing B 424 761 419<br\/>Hauptsitz: 140 Quai du Sartel<br\/>59100 ROUBAIX &#8211; Frankreich<\/p>\n\n<h2 class=\"wp-block-heading\">Achtung der Privatsph\u00e4re und der pers\u00f6nlichen Daten<\/h2>\n\n<p>Die Daten werden ausschlie\u00dflich zum Zweck des Aufbaus einer kommerziellen und professionellen Beziehung mit den Kunden gesammelt. Pers\u00f6nliche Daten werden von LES VEDETTES DE L&#8217;ODET f\u00fcr einen angemessenen Zeitraum aufbewahrt.<\/p>\n\n<p>Wenn die Person nicht alle Informationen angibt, die in den Formularen der Website obligatorisch verlangt werden (*Pflichtfelder), kann sie das Formular nicht validieren und kann daher nicht mit LES VEDETTES DE L&#8217;ODET in Kontakt treten.<\/p>\n\n<p>Gem\u00e4\u00df dem Gesetz \u00fcber Informatik und Freiheiten Nr. 78-17 vom 6. Januar 1978 zum Schutz nat\u00fcrlicher Personen bei der Verarbeitung personenbezogener Daten, ge\u00e4ndert durch das Gesetz Nr. 2004-801 vom 6. August 2004, erfolgt die automatische Sammlung, Registrierung und Aufbewahrung personenbezogener Daten auf dieser Website im Rahmen der Erkl\u00e4rung zur Verarbeitung personenbezogener Daten, die bei der franz\u00f6sischen Datenschutzbeh\u00f6rde CNIL (Commission nationale de l&#8217;informatique et des libert\u00e9s) abgegeben wurde.<\/p>\n\n<p>Das Recht auf Zugang und Berichtigung gem\u00e4\u00df Artikel 34 ff. des vorgenannten Gesetzes kann per Post an folgende Adresse geltend gemacht werden<\/p>\n\n<p>DIE STARS DES ODET<br\/>2 avenue de l&#8217;Odet B.P. 8<br\/>Alter Hafen 29950 B\u00e9nodet<\/p>\n\n<h2 class=\"wp-block-heading\">Sicherheitshinweis<\/h2>\n\n<p>Um die Sicherheit und den Zugang f\u00fcr alle zu gew\u00e4hrleisten, setzt diese Website Software ein, um den Datenfluss auf der Website zu \u00fcberwachen, um nicht autorisierte Versuche, sich anzumelden oder Informationen zu \u00e4ndern, zu identifizieren oder um andere Initiativen zu ergreifen, die weiteren Schaden verursachen k\u00f6nnen. Unerlaubte Versuche, Informationen zu laden, Informationen zu ver\u00e4ndern, um Schaden zu verursachen, und generell jede Beeintr\u00e4chtigung der Verf\u00fcgbarkeit und Integrit\u00e4t dieser Website sind strengstens verboten und werden nach dem Strafgesetzbuch bestraft. So sieht Artikel 323-1 des Strafgesetzbuches vor, dass der betr\u00fcgerische Zugang zu einem automatisierten Datenverarbeitungssystem (dies ist der Fall bei einer Website) oder der betr\u00fcgerische Verbleib in einem solchen System mit zwei Jahren Haft und 30.000 Euro Geldstrafe bestraft wird. Artikel 323-3 desselben Gesetzes sieht vor, dass die betr\u00fcgerische Eingabe von Daten in ein automatisiertes Verarbeitungssystem oder die betr\u00fcgerische L\u00f6schung oder \u00c4nderung der darin enthaltenen Daten mit f\u00fcnf Jahren Gef\u00e4ngnis und 75.000 Euro Geldstrafe bestraft wird.<\/p>\n\n<h2 class=\"wp-block-heading\">Vervielf\u00e4ltigungsrechte<\/h2>\n\n<p>Die gesamte Website unterliegt der franz\u00f6sischen und internationalen Gesetzgebung \u00fcber das Urheberrecht und das geistige Eigentum. Alle Vervielf\u00e4ltigungsrechte sind vorbehalten, einschlie\u00dflich der ikonographischen und fotografischen Darstellungen.<\/p>\n\n<p>Die Vervielf\u00e4ltigung der gesamten oder eines Teils dieser Website auf einem beliebigen Tr\u00e4ger ist ohne ausdr\u00fcckliche Genehmigung des Herausgebers strengstens untersagt.<\/p>\n\n<h2 class=\"wp-block-heading\">Fotografische Nachweise<\/h2>\n\n<p>Die auf dieser Website verwendeten Fotos sind urheberrechtlich gesch\u00fctzt. Sie d\u00fcrfen ohne die schriftliche Genehmigung von Vedettes de l&#8217;Odet nicht verwendet oder vervielf\u00e4ltigt werden.<br\/>Vedettes de l&#8217;Odet, Thibault Poriel, Alexandre Lamoureux, Philippe Meunier Saint-Thomas TV, Emmanuel Berthier, F. Coisy, Laurence De Greef, Soazig Logeat, Eva Cl\u00e9ret, Muriel Beno\u00eet, Julien Le Brun, La\u00ebtitia Scuiller, Zaza Minssen, B. Galeron, Sport Nature by Erwan, Celtic Train, Manoir de Kerazan, Les Viviers de Penfoulic, Abri du Marin, Relais thalasso de B\u00e9nodet, Mus\u00e9e de la p\u00eache, les Archi Kurieux, Ecole de Broderie d&#8217;Art Pascal Jaouen, cidrerie Menez Brug, Cr\u00eaperie la Misaine, Museum der Konservenfabrik Le Gall, Office de Tourisme de B\u00e9nodet, Office de Tourisme de la For\u00eat Fouesnant, Office de Tourisme de Concarneau \u00e0 Pont Aven, Office de Tourisme de Quimper en Cornouaille, Tourisme Bretagne, Finist\u00e8re 360\u00b0,<\/p>\n\n<p>Vielen Dank an alle Partner f\u00fcr die Bereitstellung von Bildern.<\/p>\n","protected":false},"excerpt":{"rendered":"<p>Bearbeitung\/Ver\u00f6ffentlichung der Website Vedettes de l&#8217;Odet2 avenue de l&#8217;Odet B.P. 8Alter Hafen 29950 B\u00e9nodetTel. 02 98 57 00 58Um uns per E-Mail zu kontaktieren und um SPAM zu bek\u00e4mpfen, f\u00fcllen Sie bitte unser Kontaktformular aus. FirmennameSoci\u00e9t\u00e9 d&#8217;Exploitation des Vedettes de l&#8217;Odet (S.A.S.)RCS QUIMPER B 383 728 649SIRET: 38372864900013Hauptt\u00e4tigkeit: 611B &#8211; SeeverkehrRechtsform: S.A.S. (Aktiengesellschaft).Intrakommunale Mehrwertsteuer DE [&hellip;]<\/p>\n","protected":false},"author":1,"featured_media":0,"parent":0,"menu_order":0,"comment_status":"closed","ping_status":"closed","template":"","meta":{"_acf_changed":false,"_seopress_robots_primary_cat":"","_seopress_titles_title":"","_seopress_titles_desc":"","_seopress_robots_index":"","footnotes":""},"class_list":["post-3928","page","type-page","status-publish","hentry"],"acf":[],"_links":{"self":[{"href":"https:\/\/www.vedettes-odet.com\/de\/wp-json\/wp\/v2\/pages\/3928","targetHints":{"allow":["GET"]}}],"collection":[{"href":"https:\/\/www.vedettes-odet.com\/de\/wp-json\/wp\/v2\/pages"}],"about":[{"href":"https:\/\/www.vedettes-odet.com\/de\/wp-json\/wp\/v2\/types\/page"}],"author":[{"embeddable":true,"href":"https:\/\/www.vedettes-odet.com\/de\/wp-json\/wp\/v2\/users\/1"}],"replies":[{"embeddable":true,"href":"https:\/\/www.vedettes-odet.com\/de\/wp-json\/wp\/v2\/comments?post=3928"}],"version-history":[{"count":2,"href":"https:\/\/www.vedettes-odet.com\/de\/wp-json\/wp\/v2\/pages\/3928\/revisions"}],"predecessor-version":[{"id":3933,"href":"https:\/\/www.vedettes-odet.com\/de\/wp-json\/wp\/v2\/pages\/3928\/revisions\/3933"}],"wp:attachment":[{"href":"https:\/\/www.vedettes-odet.com\/de\/wp-json\/wp\/v2\/media?parent=3928"}],"curies":[{"name":"wp","href":"https:\/\/api.w.org\/{rel}","templated":true}]}}