{"id":3950,"date":"2024-03-25T15:10:27","date_gmt":"2024-03-25T14:10:27","guid":{"rendered":"https:\/\/www.vedettes-odet.com\/gruppen-asr\/"},"modified":"2024-10-14T17:18:21","modified_gmt":"2024-10-14T15:18:21","slug":"gruppen-asr","status":"publish","type":"page","link":"https:\/\/www.vedettes-odet.com\/de\/gruppen-asr\/","title":{"rendered":"Gruppen &amp; ASR"},"content":{"rendered":"\n<h2 class=\"wp-block-heading\">S\u00fcd-Finist\u00e8re und Les Gl\u00e9nan in einer Gruppe<\/h2>\n\n\n\n<p>Ob Sie ein Vertreter eines Clubs, einer Vereinigung, eines Betriebsrats, einer Schule, eines Unternehmens oder einer Familie sind, vertrauen Sie den Vedettes de l&#8217;Odet.<\/p>\n\n\n\n<p>Wir bieten Halbtages- und Ganztageskreuzfahrten an, um die Odet, den &#8222;sch\u00f6nsten Fluss Frankreichs&#8220;, die Bucht von Concarneau und das Archipel von Gl\u00e9nan zu entdecken.  <\/p>\n\n\n\n<h2 class=\"wp-block-heading\">Schl\u00fcsselfertiger Tag: Das vollst\u00e4ndige Programm<\/h2>\n\n\n\n<p>Um die unumg\u00e4nglichen Orte des s\u00fcdlichen Finist\u00e8re zu besuchen, wie B\u00e9nodet, das Pays Bigouden, Quimper, Concarneau, Pont-Aven&#8230; haben wir schl\u00fcsselfertige Tage mit Segeln, Verpflegung und kulturellen Besichtigungen zusammengestellt.<\/p>\n\n\n\n<p>Diese Programme sind f\u00fcr Gruppen ab 20 Personen geeignet. Fordern Sie per <a href=\"https:\/\/www.vedettes-odet.com\/de\/kontaktieren-sie-uns\/\" data-type=\"link\" data-id=\"https:\/\/www.vedettes-odet.com\/de\/kontaktieren-sie-uns\/\">E-Mail<\/a> oder telefonisch <a href=\"https:\/\/www.vedettes-odet.com\/wp-content\/uploads\/2024\/10\/brochure-groupe-2025-light.pdf\" data-type=\"link\" data-id=\"https:\/\/www.vedettes-odet.com\/wp-content\/uploads\/2024\/05\/brochure-groupe-2024-light.pdf\" target=\"_blank\" rel=\"noreferrer noopener\">die Brosch\u00fcre Gruppen 2025<\/a> an.<\/p>\n\n\n\n<figure class=\"wp-block-gallery has-nested-images columns-default is-cropped wp-block-gallery-1 is-layout-flex wp-block-gallery-is-layout-flex\">\n<figure class=\"wp-block-image size-full\"><img decoding=\"async\" width=\"1656\" height=\"1103\" data-id=\"3425\" src=\"https:\/\/www.vedettes-odet.com\/wp-content\/uploads\/2024\/05\/glenan-groupe-seminaire-bateau.jpg\" alt=\"\" class=\"wp-image-3425\" srcset=\"https:\/\/www.vedettes-odet.com\/wp-content\/uploads\/2024\/05\/glenan-groupe-seminaire-bateau.jpg 1656w, https:\/\/www.vedettes-odet.com\/wp-content\/uploads\/2024\/05\/glenan-groupe-seminaire-bateau-600x400.jpg 600w, https:\/\/www.vedettes-odet.com\/wp-content\/uploads\/2024\/05\/glenan-groupe-seminaire-bateau-300x200.jpg 300w, https:\/\/www.vedettes-odet.com\/wp-content\/uploads\/2024\/05\/glenan-groupe-seminaire-bateau-768x512.jpg 768w, https:\/\/www.vedettes-odet.com\/wp-content\/uploads\/2024\/05\/glenan-groupe-seminaire-bateau-1536x1023.jpg 1536w\" sizes=\"(max-width: 1656px) 100vw, 1656px\" \/><\/figure>\n\n\n\n<figure class=\"wp-block-image size-full\"><img decoding=\"async\" width=\"826\" height=\"468\" data-id=\"3695\" src=\"https:\/\/www.vedettes-odet.com\/wp-content\/uploads\/2024\/05\/glenan-jeu-groupe-glenanta.jpg\" alt=\"\" class=\"wp-image-3695\" srcset=\"https:\/\/www.vedettes-odet.com\/wp-content\/uploads\/2024\/05\/glenan-jeu-groupe-glenanta.jpg 826w, https:\/\/www.vedettes-odet.com\/wp-content\/uploads\/2024\/05\/glenan-jeu-groupe-glenanta-600x340.jpg 600w, https:\/\/www.vedettes-odet.com\/wp-content\/uploads\/2024\/05\/glenan-jeu-groupe-glenanta-300x170.jpg 300w, https:\/\/www.vedettes-odet.com\/wp-content\/uploads\/2024\/05\/glenan-jeu-groupe-glenanta-768x435.jpg 768w\" sizes=\"(max-width: 826px) 100vw, 826px\" \/><\/figure>\n\n\n\n<figure class=\"wp-block-image size-full\"><img decoding=\"async\" width=\"2560\" height=\"1707\" data-id=\"3573\" src=\"https:\/\/www.vedettes-odet.com\/wp-content\/uploads\/2024\/05\/vedettes-aigrette-une.jpg\" alt=\"\" class=\"wp-image-3573\" srcset=\"https:\/\/www.vedettes-odet.com\/wp-content\/uploads\/2024\/05\/vedettes-aigrette-une.jpg 2560w, https:\/\/www.vedettes-odet.com\/wp-content\/uploads\/2024\/05\/vedettes-aigrette-une-600x400.jpg 600w, https:\/\/www.vedettes-odet.com\/wp-content\/uploads\/2024\/05\/vedettes-aigrette-une-1920x1280.jpg 1920w, https:\/\/www.vedettes-odet.com\/wp-content\/uploads\/2024\/05\/vedettes-aigrette-une-300x200.jpg 300w, https:\/\/www.vedettes-odet.com\/wp-content\/uploads\/2024\/05\/vedettes-aigrette-une-768x512.jpg 768w, https:\/\/www.vedettes-odet.com\/wp-content\/uploads\/2024\/05\/vedettes-aigrette-une-1536x1024.jpg 1536w, https:\/\/www.vedettes-odet.com\/wp-content\/uploads\/2024\/05\/vedettes-aigrette-une-2048x1366.jpg 2048w\" sizes=\"(max-width: 2560px) 100vw, 2560px\" \/><\/figure>\n\n\n\n<figure class=\"wp-block-image size-large\"><img decoding=\"async\" width=\"1920\" height=\"1280\" data-id=\"3593\" src=\"https:\/\/www.vedettes-odet.com\/wp-content\/uploads\/2024\/05\/vedettes-odet-course-transat-location-1920x1280.jpg\" alt=\"\" class=\"wp-image-3593\" srcset=\"https:\/\/www.vedettes-odet.com\/wp-content\/uploads\/2024\/05\/vedettes-odet-course-transat-location-1920x1280.jpg 1920w, https:\/\/www.vedettes-odet.com\/wp-content\/uploads\/2024\/05\/vedettes-odet-course-transat-location-600x400.jpg 600w, https:\/\/www.vedettes-odet.com\/wp-content\/uploads\/2024\/05\/vedettes-odet-course-transat-location-300x200.jpg 300w, https:\/\/www.vedettes-odet.com\/wp-content\/uploads\/2024\/05\/vedettes-odet-course-transat-location-768x512.jpg 768w, https:\/\/www.vedettes-odet.com\/wp-content\/uploads\/2024\/05\/vedettes-odet-course-transat-location-1536x1024.jpg 1536w, https:\/\/www.vedettes-odet.com\/wp-content\/uploads\/2024\/05\/vedettes-odet-course-transat-location-2048x1366.jpg 2048w\" sizes=\"(max-width: 1920px) 100vw, 1920px\" \/><\/figure>\n\n\n\n<figure class=\"wp-block-image size-full\"><img decoding=\"async\" width=\"1920\" height=\"1280\" data-id=\"3401\" src=\"https:\/\/www.vedettes-odet.com\/wp-content\/uploads\/2024\/05\/glenan-chasse-tresor-jeu.jpg\" alt=\"\" class=\"wp-image-3401\" srcset=\"https:\/\/www.vedettes-odet.com\/wp-content\/uploads\/2024\/05\/glenan-chasse-tresor-jeu.jpg 1920w, https:\/\/www.vedettes-odet.com\/wp-content\/uploads\/2024\/05\/glenan-chasse-tresor-jeu-600x400.jpg 600w, https:\/\/www.vedettes-odet.com\/wp-content\/uploads\/2024\/05\/glenan-chasse-tresor-jeu-300x200.jpg 300w, https:\/\/www.vedettes-odet.com\/wp-content\/uploads\/2024\/05\/glenan-chasse-tresor-jeu-768x512.jpg 768w, https:\/\/www.vedettes-odet.com\/wp-content\/uploads\/2024\/05\/glenan-chasse-tresor-jeu-1536x1024.jpg 1536w\" sizes=\"(max-width: 1920px) 100vw, 1920px\" \/><\/figure>\n<\/figure>\n\n\n\n<h2 class=\"wp-block-heading\"><strong>Machen Sie Ihre Veranstaltung zum Star!<\/strong><\/h2>\n\n\n\n<p>Begr\u00fc\u00dfen Sie einen Sieg, danken Sie Ihren Lieben, feiern Sie ein Ereignis: Gehen Sie an Bord der Vedettes de l&#8217;Odet, um den Charme Cornwalls zu teilen und Ihren Tag unvergesslich zu machen.  <\/p>\n\n\n\n<p>Seminar, Arbeitstag, Incentive, Team Building, Cocktail, Buffet, Abendessen: Les Vedettes de l&#8217;Odet organisieren Ihren Empfang.  <\/p>\n\n\n\n<h3 class=\"wp-block-heading\"><strong>Privatisierung von Schiffen<\/strong><\/h3>\n\n\n\n<p>Ein Seminar, eine Produktpr\u00e4sentation, ein Mitarbeitertreffen, eine Einladung von Kunden, ein Firmenjubil\u00e4um&#8230; Wenn Sie ein Schiff privatisieren, k\u00f6nnen Sie Ihr Team an einem einzigartigen Ort zusammenf\u00fchren, der Ihrem Image entspricht.<\/p>\n\n\n\n<p>Eine Hochzeit, ein Geburtstag, ein Renteneintritt, alle wichtigen Anl\u00e4sse im Leben verdienen es, gefeiert zu werden. Sie sind allein an Bord und haben v\u00f6llige Freiheit, das Schiff in den Farben Ihrer Veranstaltung zu gestalten.<\/p>\n\n\n\n<p>Um Ihre Kreuzfahrt zu vervollst\u00e4ndigen, kann ein Reiseleiter Sie mit Kommentaren zur Entdeckung der Region begleiten. Lust auf Stimmung an Bord? Musiker, DJs, Zauberer, Bauchredner und Mentalisten kommen an Bord, um Sie zum Singen, Tanzen und Lachen zu bringen. Und um diesen Tag unvergesslich zu machen, h\u00e4lt ein Fotograf die besten Momente Ihrer exklusiven Kreuzfahrt fest.<\/p>\n\n\n\n<h3 class=\"wp-block-heading\"><strong>Start eines Hochseerennens<\/strong><\/h3>\n\n\n\n<p>An der Startlinie eines Skippers zu stehen, der an einer Transatlantik- oder Weltumsegelung teilnimmt, ist ein magischer und aufregender Moment mit all dem Adrenalin und den Emotionen eines Seglers.  <\/p>\n\n\n\n<p>Hier tritt man in den Wettbewerb ein, um seinen Favoriten anzufeuern, egal ob man Sponsor, M\u00e4zen, Organisator oder einfach nur ein begeisterter Anh\u00e4nger ist. An Bord wird ein ehemaliger Skipper das Mikrophon ergreifen, um den Start des Rennens zu moderieren und Sie den Start erleben zu lassen, als ob Sie selbst am Steuer sitzen w\u00fcrden!  <\/p>\n\n\n\n<div class=\"wp-block-group\"><div class=\"wp-block-group__inner-container is-layout-constrained wp-block-group-is-layout-constrained\">\n<div class=\"wp-block-columns is-layout-flex wp-container-core-columns-is-layout-9d6595d7 wp-block-columns-is-layout-flex\">\n<div class=\"wp-block-column is-layout-flow wp-block-column-is-layout-flow\" style=\"flex-basis:100%\">\n<figure class=\"wp-block-image size-full\"><img decoding=\"async\" width=\"1920\" height=\"1494\" src=\"https:\/\/www.vedettes-odet.com\/wp-content\/uploads\/2024\/05\/navire-depart-course-large.jpg\" alt=\"\" class=\"wp-image-2182\" srcset=\"https:\/\/www.vedettes-odet.com\/wp-content\/uploads\/2024\/05\/navire-depart-course-large.jpg 1920w, https:\/\/www.vedettes-odet.com\/wp-content\/uploads\/2024\/05\/navire-depart-course-large-600x467.jpg 600w, https:\/\/www.vedettes-odet.com\/wp-content\/uploads\/2024\/05\/navire-depart-course-large-300x233.jpg 300w, https:\/\/www.vedettes-odet.com\/wp-content\/uploads\/2024\/05\/navire-depart-course-large-768x598.jpg 768w, https:\/\/www.vedettes-odet.com\/wp-content\/uploads\/2024\/05\/navire-depart-course-large-1536x1195.jpg 1536w\" sizes=\"(max-width: 1920px) 100vw, 1920px\" \/><\/figure>\n<\/div>\n<\/div>\n\n\n<\/div><\/div>\n\n\n\n<h2 class=\"wp-block-heading\"><strong>Jodhaltige Tage auf den Gl\u00e9nan-Inseln<\/strong><\/h2>\n\n\n\n<p>Tage, an denen Sport und Reflexion den Teamgeist st\u00e4rken, Erinnerungen schaffen und in Ihren Werten verankert werden.<\/p>\n\n\n\n<ul class=\"wp-block-list\">\n<li>Schatzsuche auf den Gl\u00e9nan-Inseln.<\/li>\n\n\n\n<li>Les Aventuriers de Gl\u00e9nanta: Wie in der Fernsehshow Koh Lanta, eine Reihe von Herausforderungen und Sie werden das Totem gewinnen.  <\/li>\n\n\n\n<li>Kajakfahrten, Entdeckung des Archipels&#8230;<\/li>\n<\/ul>\n\n\n\n<p class=\"flash\">Sie sind ein Touristiker<br><br>Vertrauen Sie den Vedettes de l&#8217;Odet, um Ihren Tag im s\u00fcdlichen Finist\u00e8re zu organisieren. Wir haben seri\u00f6se Anbieter aus der Region ausgew\u00e4hlt, die in der Lage sind, Gruppen zu empfangen. Die Tourismusregistrierung erm\u00f6glicht es uns, Ihren Aufenthalt zu organisieren. Wir werden Ihr einziger Ansprechpartner sein. Kontaktieren Sie Aur\u00e9lie und Claire f\u00fcr ein Angebot.<\/p>\n\n\n\n<h1 class=\"wp-block-heading\">CSE, Freundschaften und COS<\/h1>\n\n\n\n<p>Les Vedettes de l&#8217;Odet bieten 2 Sonderangebote f\u00fcr Betriebsr\u00e4te, Freundeskreise und Komitees f\u00fcr soziale Werke:<\/p>\n\n\n\n<h2 class=\"wp-block-heading\"><strong>Der Promotionscode<\/strong><\/h2>\n\n\n\n<p>Wenn Sie Ihren Mitarbeitern einen Promo-Code mitteilen, k\u00f6nnen sie direkt online auf unserer Website buchen und erhalten einen Rabatt von 10% auf bestimmte Kreuzfahrten. Einfach und leicht zu bedienen. Kontaktieren Sie unsere Verkaufsabteilung, um es 2025 Ihren Teams vorzuschlagen.<\/p>\n\n\n\n<h2 class=\"wp-block-heading\"><strong>Blitzverkauf<\/strong><\/h2>\n\n\n\n<p>Kreuzfahrten- und Urlaubsangebote mit bis zu 20 % Rabatt werden den ASRs w\u00e4hrend zweier H\u00f6hepunkte im Jahr angeboten: Weihnachten und Fr\u00fchlingsanfang. Die Gelegenheit f\u00fcr Arbeitnehmer, sich selbst und andere mit einem Geschenkgutschein zu beschenken, der von April bis September g\u00fcltig ist. Der ASR nimmt die Bestellungen und den Zahlungseingang entgegen. Am Ende des Blitzverkaufs senden wir die Geschenkgutscheine per E-Mail als PDF an die Mitarbeiter.<\/p>\n","protected":false},"excerpt":{"rendered":"<p>S\u00fcd-Finist\u00e8re und Les Gl\u00e9nan in einer Gruppe Ob Sie ein Vertreter eines Clubs, einer Vereinigung, eines Betriebsrats, einer Schule, eines Unternehmens oder einer Familie sind, vertrauen Sie den Vedettes de l&#8217;Odet. Wir bieten Halbtages- und Ganztageskreuzfahrten an, um die Odet, den &#8222;sch\u00f6nsten Fluss Frankreichs&#8220;, die Bucht von Concarneau und das Archipel von Gl\u00e9nan zu entdecken. [&hellip;]<\/p>\n","protected":false},"author":1,"featured_media":0,"parent":0,"menu_order":0,"comment_status":"closed","ping_status":"closed","template":"","meta":{"_acf_changed":false,"_seopress_robots_primary_cat":"","_seopress_titles_title":"","_seopress_titles_desc":"","_seopress_robots_index":"","footnotes":""},"class_list":["post-3950","page","type-page","status-publish","hentry"],"acf":[],"_links":{"self":[{"href":"https:\/\/www.vedettes-odet.com\/de\/wp-json\/wp\/v2\/pages\/3950","targetHints":{"allow":["GET"]}}],"collection":[{"href":"https:\/\/www.vedettes-odet.com\/de\/wp-json\/wp\/v2\/pages"}],"about":[{"href":"https:\/\/www.vedettes-odet.com\/de\/wp-json\/wp\/v2\/types\/page"}],"author":[{"embeddable":true,"href":"https:\/\/www.vedettes-odet.com\/de\/wp-json\/wp\/v2\/users\/1"}],"replies":[{"embeddable":true,"href":"https:\/\/www.vedettes-odet.com\/de\/wp-json\/wp\/v2\/comments?post=3950"}],"version-history":[{"count":4,"href":"https:\/\/www.vedettes-odet.com\/de\/wp-json\/wp\/v2\/pages\/3950\/revisions"}],"predecessor-version":[{"id":7127,"href":"https:\/\/www.vedettes-odet.com\/de\/wp-json\/wp\/v2\/pages\/3950\/revisions\/7127"}],"wp:attachment":[{"href":"https:\/\/www.vedettes-odet.com\/de\/wp-json\/wp\/v2\/media?parent=3950"}],"curies":[{"name":"wp","href":"https:\/\/api.w.org\/{rel}","templated":true}]}}