{"id":3952,"date":"2024-03-20T14:15:07","date_gmt":"2024-03-20T13:15:07","guid":{"rendered":"https:\/\/www.vedettes-odet.com\/persoenliche-daten\/"},"modified":"2024-06-13T14:48:19","modified_gmt":"2024-06-13T12:48:19","slug":"persoenliche-daten","status":"publish","type":"page","link":"https:\/\/www.vedettes-odet.com\/de\/persoenliche-daten\/","title":{"rendered":"Pers\u00f6nliche Daten"},"content":{"rendered":"\n<h2 class=\"wp-block-heading\">Schutz von pers\u00f6nlichen Daten<\/h2>\n\n\n\n<p>In \u00dcbereinstimmung mit der Allgemeinen Datenschutzverordnung (DSGVO) k\u00f6nnen die Nutzer der Website den Webmaster \u00fcber dieses <a href=\"https:\/\/www.vedettes-odet.com\/de\/kontaktieren-sie-uns\/\" data-type=\"link\" data-id=\"https:\/\/www.vedettes-odet.com\/nous-contacter\/\" target=\"_blank\" rel=\"noreferrer noopener\">Formular<\/a> kontaktieren. Die Gesellschaft Vedettes de l&#8217;odet verpflichtet sich, die Vertraulichkeit der vom Internetnutzer online zur Verf\u00fcgung gestellten Informationen zu wahren.<\/p>\n\n\n\n<h3 class=\"wp-block-heading\">Was sind Cookies?<\/h3>\n\n\n\n<p>Um alles \u00fcber Cookies, Ihre Spuren und Ihre Rechte zu erfahren, klicken Sie hier: https: <a href=\"https:\/\/www.cnil.fr\/fr\/maitriser-mes-donnees\" target=\"_blank\" rel=\"noreferrer noopener\">https:\/\/www.cnil.fr\/fr\/maitriser-mes-donnees<\/a>.<\/p>\n\n\n\n<p>Die CNIL definiert Cookies als: &#8222;die Gesamtheit der Tracer, die beispielsweise beim Besuch einer Website, beim Lesen einer E-Mail, bei der Installation oder Nutzung einer Software oder einer mobilen Anwendung abgelegt und\/oder gelesen werden&#8220;.<\/p>\n\n\n\n<p>Das Gesetz gilt unabh\u00e4ngig von der Art des verwendeten Endger\u00e4ts und betrifft beispielsweise Tracker, die auf Computern, Smartphones, Tablet-PCs und Videospielkonsolen mit Internetanschluss abgelegt sind.&#8220;<\/p>\n\n\n\n<h3 class=\"wp-block-heading\">Was sind die verschiedenen Arten von Cookies?<\/h3>\n\n\n\n<p>Funktionale Cookies: Diese Cookies erm\u00f6glichen es, sich an die Entscheidungen zu erinnern, die Sie bei Ihren vorherigen Besuchen getroffen haben, um z.B. die Ladezeit unserer Seiten zu erleichtern.<\/p>\n\n\n\n<p>Cookies von Dritten: Dies sind Cookies, die von Drittunternehmen (z.B. Tools oder Partner) auf Ihrem Terminal abgelegt werden, wenn Sie auf der Website Vedettes de l&#8217;Odet surfen.<\/p>\n\n\n\n<p>Wir stellen sicher, dass die Drittfirmen die Allgemeine Datenschutzverordnung (DSGVO) strikt einhalten und sich verpflichten, angemessene Ma\u00dfnahmen zur Sicherung und Verarbeitung personenbezogener Daten zu ergreifen.<\/p>\n\n\n\n<p>Die Cookies von Webanalytics erm\u00f6glichen es uns, anonyme Besuchsstatistiken unserer Website zu erhalten, um sie zu optimieren und die bestm\u00f6gliche Benutzererfahrung zu bieten. https:\/\/vedettes-odet.com\/ utilise \u00e9galement Google Analytics.<\/p>\n\n\n\n<ul class=\"wp-block-list\">\n<li>https:\/\/www.vedettes-odet.com est \u00e9galement susceptible d\u2019utiliser des pop-up et boutons de partage vers les r\u00e9seaux sociaux, par exemple Facebook et Twitter :<\/li>\n\n\n\n<li>Wir laden Sie ein, die Richtlinien f\u00fcr den Umgang mit pers\u00f6nlichen Daten auf Facebook zu lesen: https: <a href=\"https:\/\/www.facebook.com\/help\/cookies\/\" target=\"_blank\" rel=\"noreferrer noopener\">https:\/\/www.facebook.com\/help\/cookies\/<\/a><\/li>\n\n\n\n<li>Wir laden Sie ein, die Regeln f\u00fcr den Umgang mit pers\u00f6nlichen Daten auf Twitter zu lesen: <a href=\"https:\/\/help.twitter.com\/fr\/rules-and-policies\/twitter-cookies\" target=\"_blank\" rel=\"noreferrer noopener\">https:\/\/help.twitter.com\/fr\/rules-and-policies\/twitter-cookies<\/a><\/li>\n<\/ul>\n\n\n\n<p>Die Deaktivierung dieser Cookies verhindert also die Interaktion mit sozialen Netzwerken.<\/p>\n\n\n\n<h3 class=\"wp-block-heading\">Wie kann ich Cookies deaktivieren oder l\u00f6schen?<\/h3>\n\n\n\n<p>Je nachdem, welchen Browser Sie verwenden, ist die Vorgehensweise unterschiedlich:<\/p>\n\n\n\n<ul class=\"wp-block-list\">\n<li><a href=\"https:\/\/support.google.com\/chrome\/answer\/95647?co=GENIE.Platform%3DDesktop&amp;hl=fr\" target=\"_blank\" rel=\"noreferrer noopener\">Google Chrome<\/a> <\/li>\n\n\n\n<li><a href=\"https:\/\/support.mozilla.org\/en-US\/kb\/enable-and-disable-cookies-website-preferences\" data-type=\"link\" data-id=\"https:\/\/support.mozilla.org\/en-US\/kb\/enable-and-disable-cookies-website-preferences\" target=\"_blank\" rel=\"noreferrer noopener\">Mozilla Firefox<\/a><\/li>\n\n\n\n<li><a href=\"https:\/\/support.apple.com\/fr-fr\/guide\/safari\/sfri11471\/mac\" data-type=\"link\" data-id=\"https:\/\/support.apple.com\/kb\/ph21411?locale=fr_CA\" target=\"_blank\" rel=\"noreferrer noopener\">Safari<\/a><\/li>\n<\/ul>\n\n\n\n<h2 class=\"wp-block-heading\">Verwendung der gesammelten pers\u00f6nlichen Daten<\/h2>\n\n\n\n<h3 class=\"wp-block-heading\">Statistiken und Messung des Publikums<\/h3>\n\n\n\n<p>Die Dauer der Speicherung von Nutzer- und Ereignisdaten ist auf 38 Monate festgelegt (Google Analytics). Um die Nutzung der Daten durch Google Analytics zu blockieren: https: <a href=\"https:\/\/tools.google.com\/dlpage\/gaoptout\" target=\"_blank\" rel=\"noreferrer noopener\">https:\/\/tools.google.com\/dlpage\/gaoptout<\/a><\/p>\n\n\n\n<h3 class=\"wp-block-heading\">Marketingaktionen, die unter Verwendung von pers\u00f6nlichen Daten durchgef\u00fchrt werden<\/h3>\n\n\n\n<p>Die \u00fcber unsere Formulare gesammelten Daten: Formulare im Men\u00fc &#8222;Ressourcen&#8220;, Newsletter-Anmeldeformular, Anmeldeformular f\u00fcr eine Veranstaltung, Anmeldeformular f\u00fcr eine Schulung&#8230; k\u00f6nnen verwendet werden, um Ihnen Vorschl\u00e4ge f\u00fcr Inhalte und kommerzielle Angebote im Zusammenhang mit unserer T\u00e4tigkeit als Digitalagentur zu senden oder um Retargeting-Operationen durchzuf\u00fchren. Sie k\u00f6nnen sich darauf verlassen, dass wir alle Anstrengungen unternehmen, um Ihre pers\u00f6nlichen Daten zu sch\u00fctzen, und wir beschr\u00e4nken die Dauer der Speicherung auf 3 Jahre nach unserem letzten Kontakt.<\/p>\n\n\n\n<h3 class=\"wp-block-heading\">Eingebettete Inhalte von anderen Websites<\/h3>\n\n\n\n<p>Die Artikel auf dieser Website k\u00f6nnen eingebettete Inhalte enthalten (z.B. Videos, Bilder, Artikel&#8230;). Inhalte, die von anderen Websites eingebunden werden, verhalten sich so, als ob der Besucher diese andere Website besuchen w\u00fcrde.<\/p>\n\n\n\n<p>Diese Webseiten k\u00f6nnen Daten \u00fcber Sie sammeln, Cookies verwenden, Tracking-Tools von Dritten einbetten und Ihre Interaktionen mit diesen eingebetteten Inhalten verfolgen, wenn Sie ein angemeldetes Konto auf ihrer Webseite haben.<\/p>\n\n\n\n<h2 class=\"wp-block-heading\">\u00dcbermittlung Ihrer pers\u00f6nlichen Daten<\/h2>\n\n\n\n<p>Ohne Ihre Zustimmung werden wir keine Ihrer Daten an Dritte weitergeben, verkaufen oder teilen, mit denen wir zusammenarbeiten (Auftragnehmer, Lieferanten, Kunden usw.). Dies gilt f\u00fcr alle Ihre pers\u00f6nlichen Daten (Name, Vorname, E-Mail, Adresse, Telefon usw.).<\/p>\n\n\n\n<p>Pers\u00f6nliche Daten k\u00f6nnen weitergegeben werden, aber nur auf Ihren Wunsch, wenn Sie sich an einen Dritten wenden oder einen angebotenen Partnerservice in Anspruch nehmen.<\/p>\n\n\n\n<h2 class=\"wp-block-heading\">Sichere Archivierung<\/h2>\n\n\n\n<p>Vorbehaltlich der Zustimmung des Internetnutzers sind technische und organisatorische Ma\u00dfnahmen vorgesehen, um die gesammelten Daten zu sch\u00fctzen (Zerst\u00f6rung, Verlust, \u00c4nderung, Verbreitung oder nicht autorisierter Zugriff&#8230;).<\/p>\n\n\n\n<h2 class=\"wp-block-heading\">Die Rechte, die Sie \u00fcber Ihre Daten haben<\/h2>\n\n\n\n<p>Gem\u00e4\u00df der Allgemeinen Datenschutzverordnung (DSGVO) k\u00f6nnen Sie sich mit uns in Verbindung setzen, wenn Sie Fragen zur Verarbeitung Ihrer pers\u00f6nlichen Daten haben oder deren L\u00f6schung beantragen m\u00f6chten. Klicken Sie hier, um zum entsprechenden Formular zu gelangen.<\/p>\n","protected":false},"excerpt":{"rendered":"<p>Schutz von pers\u00f6nlichen Daten In \u00dcbereinstimmung mit der Allgemeinen Datenschutzverordnung (DSGVO) k\u00f6nnen die Nutzer der Website den Webmaster \u00fcber dieses Formular kontaktieren. Die Gesellschaft Vedettes de l&#8217;odet verpflichtet sich, die Vertraulichkeit der vom Internetnutzer online zur Verf\u00fcgung gestellten Informationen zu wahren. Was sind Cookies? Um alles \u00fcber Cookies, Ihre Spuren und Ihre Rechte zu erfahren, [&hellip;]<\/p>\n","protected":false},"author":1,"featured_media":0,"parent":0,"menu_order":0,"comment_status":"closed","ping_status":"closed","template":"","meta":{"_acf_changed":false,"_seopress_robots_primary_cat":"","_seopress_titles_title":"","_seopress_titles_desc":"","_seopress_robots_index":"","footnotes":""},"class_list":["post-3952","page","type-page","status-publish","hentry"],"acf":[],"_links":{"self":[{"href":"https:\/\/www.vedettes-odet.com\/de\/wp-json\/wp\/v2\/pages\/3952","targetHints":{"allow":["GET"]}}],"collection":[{"href":"https:\/\/www.vedettes-odet.com\/de\/wp-json\/wp\/v2\/pages"}],"about":[{"href":"https:\/\/www.vedettes-odet.com\/de\/wp-json\/wp\/v2\/types\/page"}],"author":[{"embeddable":true,"href":"https:\/\/www.vedettes-odet.com\/de\/wp-json\/wp\/v2\/users\/1"}],"replies":[{"embeddable":true,"href":"https:\/\/www.vedettes-odet.com\/de\/wp-json\/wp\/v2\/comments?post=3952"}],"version-history":[{"count":4,"href":"https:\/\/www.vedettes-odet.com\/de\/wp-json\/wp\/v2\/pages\/3952\/revisions"}],"predecessor-version":[{"id":4393,"href":"https:\/\/www.vedettes-odet.com\/de\/wp-json\/wp\/v2\/pages\/3952\/revisions\/4393"}],"wp:attachment":[{"href":"https:\/\/www.vedettes-odet.com\/de\/wp-json\/wp\/v2\/media?parent=3952"}],"curies":[{"name":"wp","href":"https:\/\/api.w.org\/{rel}","templated":true}]}}