{"id":3986,"date":"2024-03-25T14:18:20","date_gmt":"2024-03-25T13:18:20","guid":{"rendered":"https:\/\/www.vedettes-odet.com\/praktische-informationen\/geschenkgutschein\/"},"modified":"2024-11-12T14:20:24","modified_gmt":"2024-11-12T13:20:24","slug":"geschenkgutschein","status":"publish","type":"page","link":"https:\/\/www.vedettes-odet.com\/de\/praktische-informationen\/geschenkgutschein\/","title":{"rendered":"Geschenkgutschein"},"content":{"rendered":"\n<h2 class=\"wp-block-heading\">Suchen Sie nach einer originellen Idee, um Ihren Freunden und Ihrer Familie Sterne in die Augen zu zaubern?<\/h2>\n\n<p>Verschenken Sie eine Geschenkkreuzfahrt mit Vedettes de l&#8217;Odet an Ihre Lieben! Atemberaubende Kreuzfahrten! Wochenendangebote zum Entspannen!<\/p>\n\n<ul class=\"wp-block-list\">\n<li><strong>Promenadenkreuzfahrt auf der Odet<\/strong><br\/>Bieten Sie Ihren Freunden die Gelegenheit, die Geschichte der Odet, des &#8222;sch\u00f6nsten Flusses Frankreichs&#8220;, zu entdecken! Ein einzigartiges Erlebnis mit viel Charme an Bord eines komfortablen Panoramaschiffs in Begleitung eines passionierten Naturf\u00fchrers. 29 \u20ac pro Erwachsener.<\/li>\n\n\n\n<li><strong>Die Gl\u00e9nan-Inseln<\/strong><br\/>Eine sonnige Oase der Ruhe inmitten des Ozeans. G\u00f6nnen Sie Ihren Lieben einen Tag in der Bretagne: T\u00fcrkisfarbenes Meer und wei\u00dfer Sand ohne Zeitverschiebung! Entdecken Sie den Archipel, w\u00e4hlen Sie die Formel, die zu Ihnen passt! 39 \u20ac pro Erwachsener.<\/li>\n\n\n\n<li><strong>Wochenend- und Kurzaufenthaltsarrangements<\/strong><br\/>Wenn Sie sich eine Auszeit g\u00f6nnen m\u00f6chten, um die Natur und die Ruhe wieder zu entdecken, dann machen Sie einen Zwischenstopp in der s\u00fcdlichen Bretagne in B\u00e9nodet. Genie\u00dfen Sie eine Nacht in einem charmanten Hotel in B\u00e9nodet mit Fr\u00fchst\u00fcck, bevor Sie den Fluss Odet auf einer Spazierfahrt oder die Gl\u00e9nan-Inseln auf einer Entdeckungsreise entdecken. Das &#8222;Must&#8220; unter den Geschenken f\u00fcr die sch\u00f6nsten Anl\u00e4sse des Jahres! Ab 95 \u20ac pro Person.<\/li>\n<\/ul>\n<div class=\"bloc_accordeon\">\n    <div class=\"accordeon_container\">\n        <div class=\"accordeon\">\n                        <div class=\"item_accordeon\">\n                <div class=\"titre_accordeon\">\n                    <div class=\"label\">Wie bestelle ich eine Geschenkkreuzfahrt?<\/div>\n                <\/div>\n                <div class=\"contenu_accordeon\">\n                    <p><!-- wp:paragraph --><\/p>\n<p>\u00dcberraschen Sie Ihre Lieben und schenken Sie ihnen eine Kreuzfahrt oder ein Wochenende: Bestellen Sie online mit wenigen Klicks!<\/p>\n<p><!-- \/wp:paragraph --> <!-- wp:list --><\/p>\n<ul><!-- wp:list-item --><\/p>\n<li>Der Geschenkgutschein: Sobald Sie ihn bestellt haben, erhalten Sie ihn per E-Mail. Ideal f\u00fcr Last Minute!<\/li>\n<p><!-- \/wp:list-item --> <!-- wp:list-item --><\/p>\n<li>Die Geschenktasche: Sie erhalten innerhalb von 72 Stunden eine h\u00fcbsche Geschenktasche mit einer Einladungskarte und einer Brosch\u00fcre \u00fcber das Reiseziel zu Hause. Vergessen Sie nicht, die Versandkosten zu Ihrer Bestellung hinzuzuf\u00fcgen (4 \u20ac).<\/li>\n<p><!-- \/wp:list-item --><\/ul>\n<p><!-- \/wp:list --> <!-- wp:paragraph --><\/p>\n<p>Das Geschenk ist f\u00fcr die Saison 2024 g\u00fcltig. Ihre G\u00e4ste werden sich mit uns in Verbindung setzen, um ein Datum f\u00fcr ihre Kreuzfahrt zu w\u00e4hlen. Transparenz, Flexibilit\u00e4t und Schnelligkeit: Die Garantie f\u00fcr ein erfolgreiches Geschenk!<\/p>\n<p><!-- \/wp:paragraph --><\/p>\n                <\/div>\n            <\/div>\n                    <\/div>                          \n    <\/div>\n<\/div>\n\n<h3 class=\"wp-block-heading\"><\/h3>\n","protected":false},"excerpt":{"rendered":"<p>Suchen Sie nach einer originellen Idee, um Ihren Freunden und Ihrer Familie Sterne in die Augen zu zaubern? Verschenken Sie eine Geschenkkreuzfahrt mit Vedettes de l&#8217;Odet an Ihre Lieben! Atemberaubende Kreuzfahrten! Wochenendangebote zum Entspannen!<\/p>\n","protected":false},"author":1,"featured_media":0,"parent":3845,"menu_order":0,"comment_status":"closed","ping_status":"closed","template":"","meta":{"_acf_changed":false,"_seopress_robots_primary_cat":"","_seopress_titles_title":"","_seopress_titles_desc":"","_seopress_robots_index":"","footnotes":""},"class_list":["post-3986","page","type-page","status-publish","hentry"],"acf":[],"_links":{"self":[{"href":"https:\/\/www.vedettes-odet.com\/de\/wp-json\/wp\/v2\/pages\/3986","targetHints":{"allow":["GET"]}}],"collection":[{"href":"https:\/\/www.vedettes-odet.com\/de\/wp-json\/wp\/v2\/pages"}],"about":[{"href":"https:\/\/www.vedettes-odet.com\/de\/wp-json\/wp\/v2\/types\/page"}],"author":[{"embeddable":true,"href":"https:\/\/www.vedettes-odet.com\/de\/wp-json\/wp\/v2\/users\/1"}],"replies":[{"embeddable":true,"href":"https:\/\/www.vedettes-odet.com\/de\/wp-json\/wp\/v2\/comments?post=3986"}],"version-history":[{"count":2,"href":"https:\/\/www.vedettes-odet.com\/de\/wp-json\/wp\/v2\/pages\/3986\/revisions"}],"predecessor-version":[{"id":3992,"href":"https:\/\/www.vedettes-odet.com\/de\/wp-json\/wp\/v2\/pages\/3986\/revisions\/3992"}],"up":[{"embeddable":true,"href":"https:\/\/www.vedettes-odet.com\/de\/wp-json\/wp\/v2\/pages\/3845"}],"wp:attachment":[{"href":"https:\/\/www.vedettes-odet.com\/de\/wp-json\/wp\/v2\/media?parent=3986"}],"curies":[{"name":"wp","href":"https:\/\/api.w.org\/{rel}","templated":true}]}}