{"id":3990,"date":"2024-03-25T10:51:16","date_gmt":"2024-03-25T09:51:16","guid":{"rendered":"https:\/\/www.vedettes-odet.com\/praktische-informationen\/das-unternehmen-die-flotte\/"},"modified":"2024-06-06T10:25:24","modified_gmt":"2024-06-06T08:25:24","slug":"das-unternehmen-die-flotte","status":"publish","type":"page","link":"https:\/\/www.vedettes-odet.com\/de\/praktische-informationen\/das-unternehmen-die-flotte\/","title":{"rendered":"Das Unternehmen &amp; die Flotte"},"content":{"rendered":"\n<p>Die acht Schiffe der Reederei bieten eine Vielzahl von M\u00f6glichkeiten, um die Sch\u00f6nheit von zwei gesch\u00fctzten Naturgebieten, den Juwelen der Region, zu entdecken. <a href=\"https:\/\/www.vedettes-odet.com\/de\/croisieres-balades\/odet-fluss\/\" data-type=\"link\" data-id=\"https:\/\/www.vedettes-odet.com\/de\/croisieres-balades\/odet-fluss\/\">Fluss Odet<\/a> &#8222;der sch\u00f6nste Fluss Frankreichs&#8220;, die <a href=\"https:\/\/www.vedettes-odet.com\/de\/croisieres-balades\/glenan-inseln\/\" data-type=\"link\" data-id=\"https:\/\/www.vedettes-odet.com\/de\/croisieres-balades\/glenan-inseln\/\">Gl\u00e9nan-Inseln<\/a> Die &#8222;bretonische Lagune&#8220; und die Bucht von Concarneau.<\/p>\n\n\n\n<p>Abfahrt von <a href=\"https:\/\/www.vedettes-odet.com\/de\/port\/benodet\/\" data-type=\"link\" data-id=\"https:\/\/www.vedettes-odet.com\/de\/port\/benodet\/\">B\u00e9nodet<\/a>, <a href=\"https:\/\/www.vedettes-odet.com\/de\/port\/concarneau\/\" data-type=\"link\" data-id=\"https:\/\/www.vedettes-odet.com\/de\/port\/concarneau\/\">Concarneau<\/a>, <a href=\"https:\/\/www.vedettes-odet.com\/de\/port\/quimper\/\" data-type=\"link\" data-id=\"https:\/\/www.vedettes-odet.com\/de\/port\/quimper\/\">Quimper<\/a>, <a href=\"https:\/\/www.vedettes-odet.com\/de\/port\/loctudy\/\" data-type=\"link\" data-id=\"https:\/\/www.vedettes-odet.com\/de\/port\/loctudy\/\">Loctudy<\/a>, <a href=\"https:\/\/www.vedettes-odet.com\/de\/port\/beg-meil\/\" data-type=\"link\" data-id=\"https:\/\/www.vedettes-odet.com\/de\/port\/beg-meil\/\">Beg Meil<\/a> in Fouesnant, <a href=\"https:\/\/www.vedettes-odet.com\/de\/port\/la-foret-fouesnant\/\" data-type=\"link\" data-id=\"https:\/\/www.vedettes-odet.com\/de\/port\/la-foret-fouesnant\/\">Port-La-For\u00ea<\/a>t, <a href=\"https:\/\/www.vedettes-odet.com\/de\/port\/sainte-marine\/\" data-type=\"link\" data-id=\"https:\/\/www.vedettes-odet.com\/de\/port\/sainte-marine\/\">Sainte-Marine <\/a>und <a href=\"https:\/\/www.vedettes-odet.com\/de\/port\/hafen-von-ile-tudy\/\" data-type=\"link\" data-id=\"https:\/\/www.vedettes-odet.com\/de\/port\/hafen-von-ile-tudy\/\">Ile Tudy<\/a> &#8211; w\u00e4hlen Sie die Formel, die zu Ihnen passt! Unsere Saison beginnt im April und endet Anfang Oktober.<\/p>\n\n\n\n<h2 class=\"wp-block-heading\">Exklusive Kreuzfahrten im S\u00fcd-Finist\u00e8re<\/h2>\n\n\n\n<p>An Bord von komfortablen Schiffen mit Panoramablick wird die Fahrt von einem Naturf\u00fchrer, der sich f\u00fcr die Fauna, Flora und das regionale Erbe begeistert, auf Franz\u00f6sisch und Englisch kommentiert. W\u00e4hrend einer Flussfahrt auf der Odet kommen Sie an zahlreichen Schl\u00f6ssern und Herrenh\u00e4usern vorbei, die von sch\u00f6nen Parks und G\u00e4rten ges\u00e4umt werden. Die Gl\u00e9nan-Inseln sind bekannt f\u00fcr ihre weiten, wei\u00dfen Sandstr\u00e4nde und ihr t\u00fcrkisfarbenes Wasser.<\/p>\n\n\n\n<p>Die Vedettes de l&#8217;Odet bieten Ihnen in Zusammenarbeit mit den Hotels der Cornouaille in B\u00e9nodet, Fouesnant und Concarneau Wochenend- und Kurzaufenthaltsarrangements mit B&amp;B (Bed and Breakfast) f\u00fcr zwei oder mehr Personen an. F\u00fcr Sie und zum Verschenken in einer Geschenkbox!<\/p>\n\n\n\n<p>Das Unternehmen organisiert Veranstaltungen und schl\u00fcsselfertige Tage f\u00fcr Gruppen (Clubs, EVs, Vereine, Familien, Unternehmen):  <\/p>\n\n\n\n<div class=\"wp-block-columns is-layout-flex wp-container-core-columns-is-layout-9d6595d7 wp-block-columns-is-layout-flex\">\n<div class=\"wp-block-column is-layout-flow wp-block-column-is-layout-flow\">\n<ul class=\"wp-block-list\">\n<li>Treffen<\/li>\n\n\n\n<li>Seminar<\/li>\n\n\n\n<li>Incentive<\/li>\n\n\n\n<li>Nautische Herausforderung<\/li>\n<\/ul>\n<\/div>\n\n\n\n<div class=\"wp-block-column is-layout-flow wp-block-column-is-layout-flow\">\n<ul class=\"wp-block-list\">\n<li>Schatzsuche<\/li>\n\n\n\n<li>Produktpr\u00e4sentation<\/li>\n\n\n\n<li>Gesch\u00e4ftsessen<\/li>\n\n\n\n<li>Familienessen,<\/li>\n<\/ul>\n<\/div>\n\n\n\n<div class=\"wp-block-column is-layout-flow wp-block-column-is-layout-flow\">\n<ul class=\"wp-block-list\">\n<li>Pensionierung<\/li>\n\n\n\n<li>Hochzeit<\/li>\n\n\n\n<li>Taufe<\/li>\n\n\n\n<li>Geburtstag<\/li>\n<\/ul>\n<\/div>\n<\/div>\n\n\n\n<p>Les Vedettes de l&#8217;Odet bieten auch Schiffsvermietungen mit Besatzung anl\u00e4sslich gro\u00dfer maritimer Veranstaltungen und Rennstarts an der gesamten Atlantikk\u00fcste an. Das Vertrauen eines Teams, das Ihnen zuh\u00f6rt, um Ihre W\u00fcnsche zu erf\u00fcllen.<\/p>\n\n\n\n<h2 class=\"wp-block-heading\">Die Schiffe<\/h2>\n\n\n\n<p>Les Vedettes de l&#8217;Odet verf\u00fcgt \u00fcber eine Flotte von 8 modernen und komfortablen Schiffen, die f\u00fcr authentische Kreuzfahrten konzipiert wurden. Ob Sie nun an Bord des Schnellbootes &#8220; Rivage &#8222;, auf dem Oberdeck eines Ausflugsbootes oder in den Unterwassersalons von &#8220; Kapit\u00e4n Nemo &#8220; sind, Ihr Erlebnis wird unvergesslich sein! Ausflugsschiffe, Schnellboote, Katamarane mit Unterwassersicht, Fu\u00dfg\u00e4ngerf\u00e4hren.<\/p>\n\n\n\n<h2 class=\"wp-block-heading\">Bereich Personalbeschaffung<\/h2>\n\n\n\n<p>Unsere Saison beginnt im April und endet im Oktober. Wenn Sie sich unserem Team anschlie\u00dfen m\u00f6chten. Senden Sie uns Ihre Initiativbewerbung, wir werden Ihnen so schnell wie m\u00f6glich antworten. Ihre Dynamik wird Ihr bester Trumpf bei den Vedettes de l&#8217;Odet sein!<\/p>\n\n\n\n<h2 class=\"wp-block-heading\">Les Vedettes in Bildern<\/h2>\n\n\n<div class=\"galerie_panoramique\">\n\t\t<a class=\"item_galerie gal\" data-src=\"https:\/\/www.vedettes-odet.com\/wp-content\/uploads\/2024\/04\/vedettes.jpg\">\n\t\t<figure class=\"image_container\">\n\t\t\t<img decoding=\"async\" src=\"https:\/\/www.vedettes-odet.com\/wp-content\/uploads\/2024\/04\/vedettes.jpg\" alt=\"\">\n\t\t<\/figure>\n\t<\/a>\n\t\t<a class=\"item_galerie gal\" data-src=\"https:\/\/www.vedettes-odet.com\/wp-content\/uploads\/2024\/05\/vedettes-odet-croisiere-glenan-passagers-vacances-min.jpg\">\n\t\t<figure class=\"image_container\">\n\t\t\t<img decoding=\"async\" src=\"https:\/\/www.vedettes-odet.com\/wp-content\/uploads\/2024\/05\/vedettes-odet-croisiere-glenan-passagers-vacances-min.jpg\" alt=\"\">\n\t\t<\/figure>\n\t<\/a>\n\t\t<a class=\"item_galerie gal\" data-src=\"https:\/\/www.vedettes-odet.com\/wp-content\/uploads\/2024\/05\/vedettes-odet-rivage-glenan-avant-1920x1440.jpg\">\n\t\t<figure class=\"image_container\">\n\t\t\t<img decoding=\"async\" src=\"https:\/\/www.vedettes-odet.com\/wp-content\/uploads\/2024\/05\/vedettes-odet-rivage-glenan-avant-1920x1440.jpg\" alt=\"\">\n\t\t<\/figure>\n\t<\/a>\n\t\t<a class=\"item_galerie gal\" data-src=\"https:\/\/www.vedettes-odet.com\/wp-content\/uploads\/2024\/05\/vedettes-odet-glenan-armor-navire.jpg\">\n\t\t<figure class=\"image_container\">\n\t\t\t<img decoding=\"async\" src=\"https:\/\/www.vedettes-odet.com\/wp-content\/uploads\/2024\/05\/vedettes-odet-glenan-armor-navire.jpg\" alt=\"\">\n\t\t<\/figure>\n\t<\/a>\n\t\t<a class=\"item_galerie gal\" data-src=\"https:\/\/www.vedettes-odet.com\/wp-content\/uploads\/2024\/05\/vedettes-aigrette-une-1920x1280.jpg\">\n\t\t<figure class=\"image_container\">\n\t\t\t<img decoding=\"async\" src=\"https:\/\/www.vedettes-odet.com\/wp-content\/uploads\/2024\/05\/vedettes-aigrette-une-1920x1280.jpg\" alt=\"\">\n\t\t<\/figure>\n\t<\/a>\n\t\t<a class=\"item_galerie gal\" data-src=\"https:\/\/www.vedettes-odet.com\/wp-content\/uploads\/2024\/05\/vedettes-riviere-odet-aigrette-deux-1920x1286.jpg\">\n\t\t<figure class=\"image_container\">\n\t\t\t<img decoding=\"async\" src=\"https:\/\/www.vedettes-odet.com\/wp-content\/uploads\/2024\/05\/vedettes-riviere-odet-aigrette-deux-1920x1286.jpg\" alt=\"\">\n\t\t<\/figure>\n\t<\/a>\n\t\t<a class=\"item_galerie gal\" data-src=\"https:\/\/www.vedettes-odet.com\/wp-content\/uploads\/2024\/05\/ile-tudy-ptit-bac-colore-1920x1440.jpg\">\n\t\t<figure class=\"image_container\">\n\t\t\t<img decoding=\"async\" src=\"https:\/\/www.vedettes-odet.com\/wp-content\/uploads\/2024\/05\/ile-tudy-ptit-bac-colore-1920x1440.jpg\" alt=\"\">\n\t\t<\/figure>\n\t<\/a>\n\t\t<a class=\"item_galerie gal\" data-src=\"https:\/\/www.vedettes-odet.com\/wp-content\/uploads\/2024\/04\/contact.jpg\">\n\t\t<figure class=\"image_container\">\n\t\t\t<img decoding=\"async\" src=\"https:\/\/www.vedettes-odet.com\/wp-content\/uploads\/2024\/04\/contact.jpg\" alt=\"\">\n\t\t<\/figure>\n\t<\/a>\n\t\t\t\t\t\t\t\n<\/div>\n","protected":false},"excerpt":{"rendered":"<p>Die acht Schiffe der Reederei bieten eine Vielzahl von M\u00f6glichkeiten, um die Sch\u00f6nheit von zwei gesch\u00fctzten Naturgebieten, den Juwelen der Region, zu entdecken. Fluss Odet &#8222;der sch\u00f6nste Fluss Frankreichs&#8220;, die Gl\u00e9nan-Inseln Die &#8222;bretonische Lagune&#8220; und die Bucht von Concarneau. Abfahrt von B\u00e9nodet, Concarneau, Quimper, Loctudy, Beg Meil in Fouesnant, Port-La-For\u00eat, Sainte-Marine und Ile Tudy &#8211; [&hellip;]<\/p>\n","protected":false},"author":1,"featured_media":0,"parent":3845,"menu_order":0,"comment_status":"closed","ping_status":"closed","template":"","meta":{"_acf_changed":false,"_seopress_robots_primary_cat":"","_seopress_titles_title":"","_seopress_titles_desc":"","_seopress_robots_index":"","footnotes":""},"class_list":["post-3990","page","type-page","status-publish","hentry"],"acf":[],"_links":{"self":[{"href":"https:\/\/www.vedettes-odet.com\/de\/wp-json\/wp\/v2\/pages\/3990","targetHints":{"allow":["GET"]}}],"collection":[{"href":"https:\/\/www.vedettes-odet.com\/de\/wp-json\/wp\/v2\/pages"}],"about":[{"href":"https:\/\/www.vedettes-odet.com\/de\/wp-json\/wp\/v2\/types\/page"}],"author":[{"embeddable":true,"href":"https:\/\/www.vedettes-odet.com\/de\/wp-json\/wp\/v2\/users\/1"}],"replies":[{"embeddable":true,"href":"https:\/\/www.vedettes-odet.com\/de\/wp-json\/wp\/v2\/comments?post=3990"}],"version-history":[{"count":3,"href":"https:\/\/www.vedettes-odet.com\/de\/wp-json\/wp\/v2\/pages\/3990\/revisions"}],"predecessor-version":[{"id":4249,"href":"https:\/\/www.vedettes-odet.com\/de\/wp-json\/wp\/v2\/pages\/3990\/revisions\/4249"}],"up":[{"embeddable":true,"href":"https:\/\/www.vedettes-odet.com\/de\/wp-json\/wp\/v2\/pages\/3845"}],"wp:attachment":[{"href":"https:\/\/www.vedettes-odet.com\/de\/wp-json\/wp\/v2\/media?parent=3990"}],"curies":[{"name":"wp","href":"https:\/\/api.w.org\/{rel}","templated":true}]}}