{"id":4025,"date":"2024-03-25T14:18:33","date_gmt":"2024-03-25T13:18:33","guid":{"rendered":"https:\/\/www.vedettes-odet.com\/praktische-informationen\/faq\/"},"modified":"2026-04-08T17:24:12","modified_gmt":"2026-04-08T15:24:12","slug":"faq","status":"publish","type":"page","link":"https:\/\/www.vedettes-odet.com\/de\/praktische-informationen\/faq\/","title":{"rendered":"FAQ"},"content":{"rendered":"<div class=\"bloc_accordeon\">\n    <div class=\"accordeon_container\">\n        <div class=\"accordeon\">\n                        <div class=\"item_accordeon\">\n                <div class=\"titre_accordeon\">\n                    <div class=\"label\">Buchen Sie Ihre Kreuzfahrt<\/div>\n                <\/div>\n                <div class=\"contenu_accordeon\">\n                    <p>Sie k\u00f6nnen Ihre Kreuzfahrt online buchen unter <a href=\"https:\/\/www.vedettes-odet.com\/de\/\">www.vedettes-odet.com<\/a>, in unseren Agenturen in B\u00e9nodet, Concarneau, Beg Meil und Loctudy, per Telefon unter 02 98 57 00 58 oder bei den Fremdenverkehrsb\u00fcros und Gastgebern im s\u00fcdlichen Finist\u00e8re.<\/p>\n                <\/div>\n            <\/div>\n                        <div class=\"item_accordeon\">\n                <div class=\"titre_accordeon\">\n                    <div class=\"label\">Zahlungsmethoden<\/div>\n                <\/div>\n                <div class=\"contenu_accordeon\">\n                    <p>Sie k\u00f6nnen in unseren Filialen mit Bargeld, Schecks, Urlaubsschecks, Visa- und Mastercard-Kreditkarten bezahlen. Online sichere Zahlung per Kreditkarte.<\/p>\n                <\/div>\n            <\/div>\n                        <div class=\"item_accordeon\">\n                <div class=\"titre_accordeon\">\n                    <div class=\"label\">Sichere Online-Zahlung<\/div>\n                <\/div>\n                <div class=\"contenu_accordeon\">\n                    <p>Ihre Online-Buchung erfordert eine Zahlung per Kreditkarte (Visa oder Mastercard). Die Online-Zahlung auf unserer Website www.vedettes-odet.com ist durch das E-Sicherheitssystem gesichert. Sobald Ihre Zahlung best\u00e4tigt wurde, erhalten Sie eine E-Mail mit Ihre Bordkarten, die Sie 30 Minuten vor Abfahrt am Schiff vorlegen m\u00fcssen.<\/p>\n                <\/div>\n            <\/div>\n                        <div class=\"item_accordeon\">\n                <div class=\"titre_accordeon\">\n                    <div class=\"label\">\u00c4ndern Sie Ihre Reservierung<\/div>\n                <\/div>\n                <div class=\"contenu_accordeon\">\n                    <p>Eine Umbuchung ist kostenlos und im Rahmen der verf\u00fcgbaren Pl\u00e4tze bis 2 Stunden vor Abflug m\u00f6glich.<\/p>\n<p>M\u00f6glichkeit, das Abfahrtsdatum und die Abfahrtszeit der Kreuzfahrt <a href=\"https:\/\/resa.vedettes-odet.com\/modification\/\">online<\/a> zu \u00e4ndern<br \/>\nUm den Service, den Abfahrtshafen und die Teilnehmerzahl zu \u00e4ndern, kontaktieren Sie uns bitte telefonisch.<\/p>\n                <\/div>\n            <\/div>\n                        <div class=\"item_accordeon\">\n                <div class=\"titre_accordeon\">\n                    <div class=\"label\">Stornieren Sie Ihre Reservierung und Reiser\u00fccktrittsversicherung<\/div>\n                <\/div>\n                <div class=\"contenu_accordeon\">\n                    <p>Beim Kauf von Kreuzfahrten ist eine Meetch-R\u00fccktrittsversicherung (7 % Ihrer Reservierung) erh\u00e4ltlich. Es erm\u00f6glicht Ihnen, im Falle h\u00f6herer Gewalt eine R\u00fcckerstattung von 100 % (mit Nachweis) oder 70 % (ohne Nachweis) zu erhalten, indem Sie Meetch sp\u00e4testens am Tag der Kreuzfahrt benachrichtigen. Alle Einzelheiten finden Sie in den Allgemeinen Verkaufsbedingungen.<br \/>\nNicht versicherte Tickets k\u00f6nnen ge\u00e4ndert, aber nicht erstattet werden.<br \/>\nF\u00fcr Tickets, die bei einem Wiederverk\u00e4ufer (Tourismusb\u00fcro, Campingpl\u00e4tze, Hotels, Feriend\u00f6rfer, Reiseb\u00fcros usw.) gekauft wurden, gelten nicht die gleichen Stornierungsbedingungen<br \/>\nNicht abgeholte Tickets werden 10 Minuten vor jeder Abfahrt wieder in den Verkauf gegeben.<\/p>\n                <\/div>\n            <\/div>\n                        <div class=\"item_accordeon\">\n                <div class=\"titre_accordeon\">\n                    <div class=\"label\">Menschen mit Behinderungen<\/div>\n                <\/div>\n                <div class=\"contenu_accordeon\">\n                    <p><!-- wp:paragraph --><\/p>\n<p>Personen mit eingeschr\u00e4nkter Mobilit\u00e4t werden gebeten, die Vedettes de l&#8217;Odet telefonisch unter 02 98 57 00 58 zu kontaktieren, um sich \u00fcber die M\u00f6glichkeiten der Kreuzfahrt zu informieren. Die Schiffe sind f\u00fcr elektrische Rollst\u00fchle nicht zug\u00e4nglich. Manuelle Rollst\u00fchle k\u00f6nnen an Bord gehen, wenn bestimmte Kriterien erf\u00fcllt sind (Schiffstyp, Abfahrtshafen, Gezeiten, Wetterbedingungen, Anzahl der Passagiere).<\/p>\n<p><!-- \/wp:paragraph --><\/p>\n                <\/div>\n            <\/div>\n                        <div class=\"item_accordeon\">\n                <div class=\"titre_accordeon\">\n                    <div class=\"label\">Hunde<\/div>\n                <\/div>\n                <div class=\"contenu_accordeon\">\n                    <p>Hunde d\u00fcrfen an Bord der Schiffe mitreisen, m\u00fcssen jedoch an der Leine gef\u00fchrt werden. Es gibt keine reservierten Pl\u00e4tze f\u00fcr sie auf den Sitzen. Auf den Gl\u00e9nan-Inseln d\u00fcrfen Hunde gem\u00e4\u00df dem Erlass der Pr\u00e4fektur vom 19. Januar 2018 ausschlie\u00dflich auf den Wanderwegen und an der Leine gef\u00fchrt werden; sie sind an den Str\u00e4nden und im Vorland (dem regelm\u00e4\u00dfig von der Flut bedeckten K\u00fcstenabschnitt einschlie\u00dflich der Felsen) verboten.<\/p>\n                <\/div>\n            <\/div>\n                        <div class=\"item_accordeon\">\n                <div class=\"titre_accordeon\">\n                    <div class=\"label\">Gep\u00e4ck<\/div>\n                <\/div>\n                <div class=\"contenu_accordeon\">\n                    <p>Jeder Passagier darf zwei Handgep\u00e4ckst\u00fccke mit an Bord nehmen. Sie werden vom Passagier w\u00e4hrend der gesamten \u00dcberfahrt aufbewahrt. Kisten, Koffer, Pakete, Kartons und Gegenst\u00e4nde werden nicht als Gep\u00e4ck betrachtet. Es handelt sich um Waren, f\u00fcr die eine Geb\u00fchr von 10 \u20ac pro Gep\u00e4ckst\u00fcck erhoben wird und f\u00fcr die besondere Bef\u00f6rderungsbedingungen gelten.<\/p>\n                <\/div>\n            <\/div>\n                        <div class=\"item_accordeon\">\n                <div class=\"titre_accordeon\">\n                    <div class=\"label\">Parken  <\/div>\n                <\/div>\n                <div class=\"contenu_accordeon\">\n                    <p><!-- wp:paragraph --><\/p>\n<p>Um die Anlegestelle leicht zu erreichen, finden Sie auf der Seite <a href=\"https:\/\/www.vedettes-odet.com\/de\/praktische-informationen\/abfahrtshaefen\/\">Abfahrtshafen<\/a> die Adresse und Tipps zum Parken. Alle Abfahrtsh\u00e4fen haben kostenlose Parkpl\u00e4tze in der N\u00e4he, mit Ausnahme von Concarneau.<\/p>\n<p><!-- \/wp:paragraph --><\/p>\n                <\/div>\n            <\/div>\n                        <div class=\"item_accordeon\">\n                <div class=\"titre_accordeon\">\n                    <div class=\"label\">Tipps f\u00fcr die Gl\u00e9nan-Inseln<\/div>\n                <\/div>\n                <div class=\"contenu_accordeon\">\n                    <p><!-- wp:paragraph --><\/p>\n<p>Wir empfehlen Ihnen, die Gl\u00e9nan-Inseln mit einem guten Sonnenschutz (Hut, Sonnenbrille, Creme, Sonnenschirm&#8230;) zu besuchen und bei Tagesausfl\u00fcgen ein Picknick mitzunehmen.<\/p>\n<p>Wenn Sie in einem der beiden Restaurants auf der St. Nikolausinsel zu Mittag essen m\u00f6chten, denken Sie bitte daran, einen Tisch zu reservieren.<\/p>\n<p>F\u00fcr Familien mit kleinen Kindern ist es ratsam, die Gl\u00e9nan-Inseln an einem halben Tag zu besuchen. Sie k\u00f6nnen Ihren Kinderwagen mitbringen, der Boden ist daf\u00fcr geeignet, wir werden Sie jedoch bitten, Ihren Kinderwagen an Bord zusammenzuklappen.<\/p>\n<p><!-- \/wp:paragraph --><\/p>\n                <\/div>\n            <\/div>\n                        <div class=\"item_accordeon\">\n                <div class=\"titre_accordeon\">\n                    <div class=\"label\">Einfache R\u00fcckfahrt von den Gl\u00e9nan-Inseln<\/div>\n                <\/div>\n                <div class=\"contenu_accordeon\">\n                    <p><!-- wp:paragraph --><\/p>\n<p>Passagiere, die auf den Gl\u00e9nan-Inseln \u00fcbernachten m\u00f6chten, k\u00f6nnen die Hinfahrt (vom Festland zu den Inseln) mehrere Tage vor ihrer Kreuzfahrt buchen.<\/p>\n<p>F\u00fcr die R\u00fcckfahrt werden die Passagiere uns ab 9:00 Uhr morgens telefonisch unter 02 98 57 00 58 kontaktieren, um ihre R\u00fcckfahrt (von der Insel St. Nicolas zum Festland) zu buchen und per Kreditkarte zu bezahlen.<\/p>\n<p>Die Fluggesellschaft nimmt keine Vorausbuchungen f\u00fcr einfache R\u00fcckfl\u00fcge vor. Je nach Verf\u00fcgbarkeit ist es m\u00f6glich, am sp\u00e4ten Vormittag oder am sp\u00e4ten Nachmittag an Bord zu gehen. Wenn das Schiff voll besetzt ist, kann die Gesellschaft keine Verbindung zu den Passagieren herstellen.<\/p>\n<p><!-- \/wp:paragraph --><\/p>\n                <\/div>\n            <\/div>\n                    <\/div>                          \n    <\/div>\n<\/div>\n\n\n\n<p><\/p>\n\n\n\n<p><\/p>\n\n\n\n<p><\/p>\n","protected":false},"excerpt":{"rendered":"","protected":false},"author":1,"featured_media":0,"parent":3845,"menu_order":0,"comment_status":"closed","ping_status":"closed","template":"","meta":{"_acf_changed":false,"_seopress_robots_primary_cat":"","_seopress_titles_title":"","_seopress_titles_desc":"","_seopress_robots_index":"","footnotes":""},"class_list":["post-4025","page","type-page","status-publish","hentry"],"acf":[],"_links":{"self":[{"href":"https:\/\/www.vedettes-odet.com\/de\/wp-json\/wp\/v2\/pages\/4025","targetHints":{"allow":["GET"]}}],"collection":[{"href":"https:\/\/www.vedettes-odet.com\/de\/wp-json\/wp\/v2\/pages"}],"about":[{"href":"https:\/\/www.vedettes-odet.com\/de\/wp-json\/wp\/v2\/types\/page"}],"author":[{"embeddable":true,"href":"https:\/\/www.vedettes-odet.com\/de\/wp-json\/wp\/v2\/users\/1"}],"replies":[{"embeddable":true,"href":"https:\/\/www.vedettes-odet.com\/de\/wp-json\/wp\/v2\/comments?post=4025"}],"version-history":[{"count":6,"href":"https:\/\/www.vedettes-odet.com\/de\/wp-json\/wp\/v2\/pages\/4025\/revisions"}],"predecessor-version":[{"id":18172,"href":"https:\/\/www.vedettes-odet.com\/de\/wp-json\/wp\/v2\/pages\/4025\/revisions\/18172"}],"up":[{"embeddable":true,"href":"https:\/\/www.vedettes-odet.com\/de\/wp-json\/wp\/v2\/pages\/3845"}],"wp:attachment":[{"href":"https:\/\/www.vedettes-odet.com\/de\/wp-json\/wp\/v2\/media?parent=4025"}],"curies":[{"name":"wp","href":"https:\/\/api.w.org\/{rel}","templated":true}]}}