{"id":8945,"date":"2025-01-10T18:01:05","date_gmt":"2025-01-10T17:01:05","guid":{"rendered":"https:\/\/www.vedettes-odet.com\/mon-compte\/"},"modified":"2025-03-27T12:24:43","modified_gmt":"2025-03-27T11:24:43","slug":"mein-konto","status":"publish","type":"page","link":"https:\/\/www.vedettes-odet.com\/de\/mein-konto\/","title":{"rendered":"Mein Konto"},"content":{"rendered":"\n<div class=\"wp-block-columns is-layout-flex wp-container-core-columns-is-layout-9d6595d7 wp-block-columns-is-layout-flex\">\n<div class=\"wp-block-column is-vertically-aligned-center is-layout-flow wp-block-column-is-layout-flow\"><div class=\"wp-block-image is-style-rounded\">\n<figure class=\"aligncenter size-full\"><img decoding=\"async\" width=\"64\" height=\"64\" src=\"https:\/\/www.vedettes-odet.com\/wp-content\/uploads\/2025\/03\/9035524-ticket-outline-icon.png\" alt=\"\" class=\"wp-image-9849\"\/><\/figure>\n<\/div>\n\n\n<div style=\"height:20px\" aria-hidden=\"true\" class=\"wp-block-spacer\"><\/div>\n\n\n\n<h3 class=\"wp-block-heading has-text-align-center\"><strong><strong>\u00c4ndern Sie Ihre Reservierung<\/strong><\/strong><\/h3>\n\n\n\n<p class=\"has-text-align-center\">M\u00fcssen Sie Ihre Reservierung \u00e4ndern? Bis 2 Stunden vor Abfahrt k\u00f6nnen Sie Datum und Uhrzeit Ihrer Reservierung \u00e4ndern!<\/p>\n\n\n\n<div class=\"wp-block-buttons is-content-justification-center is-layout-flex wp-container-core-buttons-is-layout-16018d1d wp-block-buttons-is-layout-flex\">\n<div class=\"wp-block-button\"><a class=\"wp-block-button__link wp-element-button\" href=\"https:\/\/resa.vedettes-odet.com\/modification\">Ich \u00e4ndere meine Reservierung<\/a><\/div>\n<\/div>\n<\/div>\n\n\n\n<div class=\"wp-block-column is-layout-flow wp-block-column-is-layout-flow\"><div class=\"wp-block-image is-style-rounded\">\n<figure class=\"aligncenter size-full\"><img decoding=\"async\" width=\"64\" height=\"64\" src=\"https:\/\/www.vedettes-odet.com\/wp-content\/uploads\/2025\/03\/9025791-gift-icon.png\" alt=\"\" class=\"wp-image-9853\"\/><\/figure>\n<\/div>\n\n\n<div style=\"height:20px\" aria-hidden=\"true\" class=\"wp-block-spacer\"><\/div>\n\n\n\n<h3 class=\"wp-block-heading has-text-align-center\"><strong><strong>Meinen Geschenkgutschein einl\u00f6sen<\/strong><\/strong><\/h3>\n\n\n\n<p class=\"has-text-align-center\">Sie haben einen Geschenkgutschein erhalten? Nutzen Sie den Geheimcode auf Ihrem Geschenkgutschein, um sich f\u00fcr Ihren Wunschtermin anzumelden.<\/p>\n\n\n\n<div class=\"wp-block-buttons is-content-justification-center is-layout-flex wp-container-core-buttons-is-layout-16018d1d wp-block-buttons-is-layout-flex\">\n<div class=\"wp-block-button\"><a class=\"wp-block-button__link wp-element-button\" href=\"https:\/\/resa.vedettes-odet.com\/modification\/echange.php?langue=en\">Ich l\u00f6se meinen Geschenkgutschein ein<\/a><\/div>\n<\/div>\n<\/div>\n<\/div>\n\n\n\n<p><\/p>\n","protected":false},"excerpt":{"rendered":"<p>\u00c4ndern Sie Ihre Reservierung M\u00fcssen Sie Ihre Reservierung \u00e4ndern? Bis 2 Stunden vor Abfahrt k\u00f6nnen Sie Datum und Uhrzeit Ihrer Reservierung \u00e4ndern! Meinen Geschenkgutschein einl\u00f6sen Sie haben einen Geschenkgutschein erhalten? Nutzen Sie den Geheimcode auf Ihrem Geschenkgutschein, um sich f\u00fcr Ihren Wunschtermin anzumelden.<\/p>\n","protected":false},"author":2,"featured_media":7889,"parent":0,"menu_order":0,"comment_status":"closed","ping_status":"closed","template":"","meta":{"_acf_changed":false,"_seopress_robots_primary_cat":"","_seopress_titles_title":"","_seopress_titles_desc":"","_seopress_robots_index":"yes","footnotes":""},"class_list":["post-8945","page","type-page","status-publish","has-post-thumbnail","hentry"],"acf":[],"_links":{"self":[{"href":"https:\/\/www.vedettes-odet.com\/de\/wp-json\/wp\/v2\/pages\/8945","targetHints":{"allow":["GET"]}}],"collection":[{"href":"https:\/\/www.vedettes-odet.com\/de\/wp-json\/wp\/v2\/pages"}],"about":[{"href":"https:\/\/www.vedettes-odet.com\/de\/wp-json\/wp\/v2\/types\/page"}],"author":[{"embeddable":true,"href":"https:\/\/www.vedettes-odet.com\/de\/wp-json\/wp\/v2\/users\/2"}],"replies":[{"embeddable":true,"href":"https:\/\/www.vedettes-odet.com\/de\/wp-json\/wp\/v2\/comments?post=8945"}],"version-history":[{"count":5,"href":"https:\/\/www.vedettes-odet.com\/de\/wp-json\/wp\/v2\/pages\/8945\/revisions"}],"predecessor-version":[{"id":10341,"href":"https:\/\/www.vedettes-odet.com\/de\/wp-json\/wp\/v2\/pages\/8945\/revisions\/10341"}],"wp:featuredmedia":[{"embeddable":true,"href":"https:\/\/www.vedettes-odet.com\/de\/wp-json\/wp\/v2\/media\/7889"}],"wp:attachment":[{"href":"https:\/\/www.vedettes-odet.com\/de\/wp-json\/wp\/v2\/media?parent=8945"}],"curies":[{"name":"wp","href":"https:\/\/api.w.org\/{rel}","templated":true}]}}