{"id":3951,"date":"2024-03-25T10:51:16","date_gmt":"2024-03-25T09:51:16","guid":{"rendered":"https:\/\/www.vedettes-odet.com\/practical-info\/the-company-the-fleet\/"},"modified":"2024-06-06T15:12:58","modified_gmt":"2024-06-06T13:12:58","slug":"the-company-the-fleet","status":"publish","type":"page","link":"https:\/\/www.vedettes-odet.com\/en\/practical-info\/the-company-the-fleet\/","title":{"rendered":"The company &amp; the fleet"},"content":{"rendered":"\n<p>The company&#8217;s eight vessels offer a wide range of options for discovering the beauty of two protected natural sites, the jewels of the region: the <a href=\"https:\/\/www.vedettes-odet.com\/en\/croisieres-balades\/odet-river\/\" data-type=\"link\" data-id=\"https:\/\/www.vedettes-odet.com\/en\/croisieres-balades\/odet-river\/\">Odet river<\/a> &#8220;the prettiest river in France&#8221;, the <a href=\"https:\/\/www.vedettes-odet.com\/en\/croisieres-balades\/glenan-islands\/\" data-type=\"link\" data-id=\"https:\/\/www.vedettes-odet.com\/en\/croisieres-balades\/glenan-islands\/\">Gl\u00e9nan Islands<\/a> the Breton lagoon and Concarneau Bay.<\/p>\n\n\n\n<p>From <a href=\"https:\/\/www.vedettes-odet.com\/en\/port\/benodet\/\" data-type=\"link\" data-id=\"https:\/\/www.vedettes-odet.com\/en\/port\/benodet\/\">B\u00e9nodet<\/a>, <a href=\"https:\/\/www.vedettes-odet.com\/en\/port\/concarneau\/\" data-type=\"link\" data-id=\"https:\/\/www.vedettes-odet.com\/en\/port\/concarneau\/\">Concarneau<\/a>, <a href=\"https:\/\/www.vedettes-odet.com\/en\/port\/quimper\/\" data-type=\"link\" data-id=\"https:\/\/www.vedettes-odet.com\/en\/port\/quimper\/\">Quimper<\/a>, <a href=\"https:\/\/www.vedettes-odet.com\/en\/port\/loctudy\/\" data-type=\"link\" data-id=\"https:\/\/www.vedettes-odet.com\/en\/port\/loctudy\/\">Loctudy<\/a>, <a href=\"https:\/\/www.vedettes-odet.com\/en\/port\/beg-meil\/\" data-type=\"link\" data-id=\"https:\/\/www.vedettes-odet.com\/en\/port\/beg-meil\/\">Beg Meil<\/a> to Fouesnant, <a href=\"https:\/\/www.vedettes-odet.com\/en\/port\/la-foret-fouesnant\/\" data-type=\"link\" data-id=\"https:\/\/www.vedettes-odet.com\/en\/port\/la-foret-fouesnant\/\">Port-La-For\u00eat<\/a>, <a href=\"https:\/\/www.vedettes-odet.com\/en\/port\/sainte-marine\/\" data-type=\"link\" data-id=\"https:\/\/www.vedettes-odet.com\/en\/port\/sainte-marine\/\">Sainte-Marine<\/a> and <a href=\"https:\/\/www.vedettes-odet.com\/en\/port\/ile-tudy\/\" data-type=\"link\" data-id=\"https:\/\/www.vedettes-odet.com\/en\/port\/ile-tudy\/\">\u00cele-Tudy<\/a>, choose the formula that&#8217;s right for you! Our season runs from April to early October.<\/p>\n\n\n\n<h2 class=\"wp-block-heading\">Exclusive cruises in South Finistere<\/h2>\n\n\n\n<p>Aboard comfortable, panoramic boats, the cruise is guided in French and English by a nature guide with a passion for the region&#8217;s flora, fauna and heritage. During a river trip along the Odet, you&#8217;ll discover a succession of castles and manor houses, bordered by beautiful parks and gardens. The Gl\u00e9nan islands, renowned for their vast stretches of white sandy beaches and turquoise waters, offer a unique spectacle bathed in the light of the open sea.<\/p>\n\n\n\n<p>Les Vedettes de l&#8217;Odet, in partnership with Cornouaille hotels in B\u00e9nodet, Fouesnant and Concarneau, offers all-inclusive B&amp;B (bed and breakfast) weekend and short-stay packages for two or more people. For yourself and as a gift!<\/p>\n\n\n\n<p>The company organizes events and turnkey days for groups (clubs, works councils, associations, families, companies):  <\/p>\n\n\n\n<div class=\"wp-block-columns is-layout-flex wp-container-core-columns-is-layout-9d6595d7 wp-block-columns-is-layout-flex\">\n<div class=\"wp-block-column is-layout-flow wp-block-column-is-layout-flow\">\n<ul class=\"wp-block-list\">\n<li>meeting<\/li>\n\n\n\n<li>seminar<\/li>\n\n\n\n<li>incentive<\/li>\n\n\n\n<li>nautical challenge<\/li>\n<\/ul>\n<\/div>\n\n\n\n<div class=\"wp-block-column is-layout-flow wp-block-column-is-layout-flow\">\n<ul class=\"wp-block-list\">\n<li>treasure hunt<\/li>\n\n\n\n<li>product presentation<\/li>\n\n\n\n<li>business meals<\/li>\n\n\n\n<li>family meal,<\/li>\n<\/ul>\n<\/div>\n\n\n\n<div class=\"wp-block-column is-layout-flow wp-block-column-is-layout-flow\">\n<ul class=\"wp-block-list\">\n<li>retirement<\/li>\n\n\n\n<li>wedding<\/li>\n\n\n\n<li>baptism<\/li>\n\n\n\n<li>birthday<\/li>\n<\/ul>\n<\/div>\n<\/div>\n\n\n\n<p>Les Vedettes de l&#8217;Odet also offers crewed yacht charters for major maritime events and race starts all along the Atlantic coast. The confidence of a team that listens to your needs and satisfies your desires.<\/p>\n\n\n\n<h2 class=\"wp-block-heading\">The ships<\/h2>\n\n\n\n<p>Les Vedettes de l&#8217;Odet has a fleet of 8 modern, comfortable ships, designed for authentic cruising. Whether you&#8217;re aboard the speedboat &#8220;Rivage&#8221;, on the upper deck of a speedboat, or in the underwater lounges of &#8221; <a href=\"https:\/\/www.vedettes-odet.com\/en\/practical-info\/the-company-the-fleet\/underwater-vision-catamaran\/\" data-type=\"page\" data-id=\"2147\">Capitaine N\u00e9mo<\/a> &#8220;, your experience will be a memorable one! <a href=\"https:\/\/www.vedettes-odet.com\/en\/practical-info\/the-company-the-fleet\/promenade-boat\/\" data-type=\"page\" data-id=\"2191\">Promenade boat<\/a>, speedboat, <a href=\"https:\/\/www.vedettes-odet.com\/en\/practical-info\/the-company-the-fleet\/underwater-vision-catamaran\/\" data-type=\"page\" data-id=\"2147\">catamaran with underwater vision<\/a>, <a href=\"https:\/\/www.vedettes-odet.com\/en\/practical-info\/the-company-the-fleet\/les-ptit-bac-pedestrian-bins\/\" data-type=\"page\" data-id=\"2123\">pedestrian ferries<\/a>.<\/p>\n\n\n\n<h2 class=\"wp-block-heading\">Recruitment area<\/h2>\n\n\n\n<p>Our season starts in April and ends in October. If you&#8217;d like to join our team. send us your unsolicited application, and we&#8217;ll get back to you as soon as possible. Your dynamism will be your best asset at Les Vedettes de l&#8217;Odet!<\/p>\n\n\n\n<h2 class=\"wp-block-heading\">Les Vedettes in pictures<\/h2>\n\n\n<div class=\"galerie_panoramique\">\n\t\t<a class=\"item_galerie gal\" data-src=\"https:\/\/www.vedettes-odet.com\/wp-content\/uploads\/2024\/04\/vedettes.jpg\">\n\t\t<figure class=\"image_container\">\n\t\t\t<img decoding=\"async\" src=\"https:\/\/www.vedettes-odet.com\/wp-content\/uploads\/2024\/04\/vedettes.jpg\" alt=\"\">\n\t\t<\/figure>\n\t<\/a>\n\t\t<a class=\"item_galerie gal\" data-src=\"https:\/\/www.vedettes-odet.com\/wp-content\/uploads\/2024\/05\/vedettes-odet-croisiere-glenan-passagers-vacances-min.jpg\">\n\t\t<figure class=\"image_container\">\n\t\t\t<img decoding=\"async\" src=\"https:\/\/www.vedettes-odet.com\/wp-content\/uploads\/2024\/05\/vedettes-odet-croisiere-glenan-passagers-vacances-min.jpg\" alt=\"\">\n\t\t<\/figure>\n\t<\/a>\n\t\t<a class=\"item_galerie gal\" data-src=\"https:\/\/www.vedettes-odet.com\/wp-content\/uploads\/2024\/05\/vedettes-odet-rivage-glenan-avant-1920x1440.jpg\">\n\t\t<figure class=\"image_container\">\n\t\t\t<img decoding=\"async\" src=\"https:\/\/www.vedettes-odet.com\/wp-content\/uploads\/2024\/05\/vedettes-odet-rivage-glenan-avant-1920x1440.jpg\" alt=\"\">\n\t\t<\/figure>\n\t<\/a>\n\t\t<a class=\"item_galerie gal\" data-src=\"https:\/\/www.vedettes-odet.com\/wp-content\/uploads\/2024\/05\/vedettes-odet-glenan-armor-navire.jpg\">\n\t\t<figure class=\"image_container\">\n\t\t\t<img decoding=\"async\" src=\"https:\/\/www.vedettes-odet.com\/wp-content\/uploads\/2024\/05\/vedettes-odet-glenan-armor-navire.jpg\" alt=\"\">\n\t\t<\/figure>\n\t<\/a>\n\t\t<a class=\"item_galerie gal\" data-src=\"https:\/\/www.vedettes-odet.com\/wp-content\/uploads\/2024\/05\/vedettes-aigrette-une-1920x1280.jpg\">\n\t\t<figure class=\"image_container\">\n\t\t\t<img decoding=\"async\" src=\"https:\/\/www.vedettes-odet.com\/wp-content\/uploads\/2024\/05\/vedettes-aigrette-une-1920x1280.jpg\" alt=\"\">\n\t\t<\/figure>\n\t<\/a>\n\t\t<a class=\"item_galerie gal\" data-src=\"https:\/\/www.vedettes-odet.com\/wp-content\/uploads\/2024\/05\/vedettes-riviere-odet-aigrette-deux-1920x1286.jpg\">\n\t\t<figure class=\"image_container\">\n\t\t\t<img decoding=\"async\" src=\"https:\/\/www.vedettes-odet.com\/wp-content\/uploads\/2024\/05\/vedettes-riviere-odet-aigrette-deux-1920x1286.jpg\" alt=\"\">\n\t\t<\/figure>\n\t<\/a>\n\t\t<a class=\"item_galerie gal\" data-src=\"https:\/\/www.vedettes-odet.com\/wp-content\/uploads\/2024\/04\/contact.jpg\">\n\t\t<figure class=\"image_container\">\n\t\t\t<img decoding=\"async\" src=\"https:\/\/www.vedettes-odet.com\/wp-content\/uploads\/2024\/04\/contact.jpg\" alt=\"\">\n\t\t<\/figure>\n\t<\/a>\n\t\t<a class=\"item_galerie gal\" data-src=\"https:\/\/www.vedettes-odet.com\/wp-content\/uploads\/2024\/05\/ile-tudy-ptit-bac-colore-1920x1440.jpg\">\n\t\t<figure class=\"image_container\">\n\t\t\t<img decoding=\"async\" src=\"https:\/\/www.vedettes-odet.com\/wp-content\/uploads\/2024\/05\/ile-tudy-ptit-bac-colore-1920x1440.jpg\" alt=\"\">\n\t\t<\/figure>\n\t<\/a>\n\t\t\t\t\t\t\t\n<\/div>\n","protected":false},"excerpt":{"rendered":"<p>The company&#8217;s eight vessels offer a wide range of options for discovering the beauty of two protected natural sites, the jewels of the region: the Odet river &#8220;the prettiest river in France&#8221;, the Gl\u00e9nan Islands the Breton lagoon and Concarneau Bay. From B\u00e9nodet, Concarneau, Quimper, Loctudy, Beg Meil to Fouesnant, Port-La-For\u00eat, Sainte-Marine and \u00cele-Tudy, choose [&hellip;]<\/p>\n","protected":false},"author":1,"featured_media":0,"parent":2460,"menu_order":0,"comment_status":"closed","ping_status":"closed","template":"","meta":{"_acf_changed":false,"_seopress_robots_primary_cat":"","_seopress_titles_title":"","_seopress_titles_desc":"","_seopress_robots_index":"","footnotes":""},"class_list":["post-3951","page","type-page","status-publish","hentry"],"acf":[],"_links":{"self":[{"href":"https:\/\/www.vedettes-odet.com\/en\/wp-json\/wp\/v2\/pages\/3951","targetHints":{"allow":["GET"]}}],"collection":[{"href":"https:\/\/www.vedettes-odet.com\/en\/wp-json\/wp\/v2\/pages"}],"about":[{"href":"https:\/\/www.vedettes-odet.com\/en\/wp-json\/wp\/v2\/types\/page"}],"author":[{"embeddable":true,"href":"https:\/\/www.vedettes-odet.com\/en\/wp-json\/wp\/v2\/users\/1"}],"replies":[{"embeddable":true,"href":"https:\/\/www.vedettes-odet.com\/en\/wp-json\/wp\/v2\/comments?post=3951"}],"version-history":[{"count":5,"href":"https:\/\/www.vedettes-odet.com\/en\/wp-json\/wp\/v2\/pages\/3951\/revisions"}],"predecessor-version":[{"id":4259,"href":"https:\/\/www.vedettes-odet.com\/en\/wp-json\/wp\/v2\/pages\/3951\/revisions\/4259"}],"up":[{"embeddable":true,"href":"https:\/\/www.vedettes-odet.com\/en\/wp-json\/wp\/v2\/pages\/2460"}],"wp:attachment":[{"href":"https:\/\/www.vedettes-odet.com\/en\/wp-json\/wp\/v2\/media?parent=3951"}],"curies":[{"name":"wp","href":"https:\/\/api.w.org\/{rel}","templated":true}]}}